{"id":1110,"date":"2020-09-03T20:49:21","date_gmt":"2020-09-03T18:49:21","guid":{"rendered":"https:\/\/yvisdesign.com\/?post_type=product&#038;p=1110"},"modified":"2021-09-15T16:30:41","modified_gmt":"2021-09-15T14:30:41","slug":"shiny","status":"publish","type":"product","link":"https:\/\/yvisdesign.com\/es\/producto\/shiny\/","title":{"rendered":"Deep Love"},"content":{"rendered":"","protected":false},"excerpt":{"rendered":"<p>La pulsera de perlas cultivadas de agua dulce consta de perlas cultivadas de agua dulce de color rosa con un tama\u00f1o de aproximadamente 7 mm. Se incorporan a la pulsera 6 corazones ba\u00f1ados en oro de plata 925 con un tama\u00f1o aproximado de 8 mm. La pulsera est\u00e1 enhebrada en una cinta, que consta de 49 hilos de acero de primera calidad cubiertos con nailon. Esto asegura un nivel muy alto de durabilidad y, por lo tanto, resistencia al desgarro. La conclusi\u00f3n es un mosquet\u00f3n chapado en oro. Cada pieza de joyer\u00eda est\u00e1 dise\u00f1ada con el coraz\u00f3n en mente y hecha a mano con amor.<\/p>","protected":false},"featured_media":1603,"template":"","meta":{"_themeisle_gutenberg_block_has_review":false},"product_cat":[22,30],"product_tag":[33,34,58,209,134],"jetpack_sharing_enabled":true,"_links":{"self":[{"href":"https:\/\/yvisdesign.com\/es\/wp-json\/wp\/v2\/product\/1110"}],"collection":[{"href":"https:\/\/yvisdesign.com\/es\/wp-json\/wp\/v2\/product"}],"about":[{"href":"https:\/\/yvisdesign.com\/es\/wp-json\/wp\/v2\/types\/product"}],"wp:featuredmedia":[{"embeddable":true,"href":"https:\/\/yvisdesign.com\/es\/wp-json\/wp\/v2\/media\/1603"}],"wp:attachment":[{"href":"https:\/\/yvisdesign.com\/es\/wp-json\/wp\/v2\/media?parent=1110"}],"wp:term":[{"taxonomy":"product_cat","embeddable":true,"href":"https:\/\/yvisdesign.com\/es\/wp-json\/wp\/v2\/product_cat?post=1110"},{"taxonomy":"product_tag","embeddable":true,"href":"https:\/\/yvisdesign.com\/es\/wp-json\/wp\/v2\/product_tag?post=1110"}],"curies":[{"name":"wp","href":"https:\/\/api.w.org\/{rel}","templated":true}]}}