{"id":1115,"date":"2020-09-03T18:27:27","date_gmt":"2020-09-03T16:27:27","guid":{"rendered":"https:\/\/yvisdesign.com\/?post_type=product&#038;p=1115"},"modified":"2025-11-08T16:36:54","modified_gmt":"2025-11-08T15:36:54","slug":"malachitschoenheit","status":"publish","type":"product","link":"https:\/\/yvisdesign.com\/es\/producto\/malachitschoenheit\/","title":{"rendered":"Malachitsch\u00f6nheit"},"content":{"rendered":"","protected":false},"excerpt":{"rendered":"<p>La pulsera es una composici\u00f3n de hermosas y poderosas bolas de malaquita en un tama\u00f1o de aproximadamente 8 mm y bolas de plata 925 chapadas en oro y diamantadas de 3 mm, que se montan alternativamente juntas. La pulsera est\u00e1 enhebrada en una cinta, que consta de 49 hilos de acero de primera calidad cubiertos con nailon. Esto asegura un nivel muy alto de durabilidad y, por lo tanto, resistencia al desgarro. La conclusi\u00f3n es un mosquet\u00f3n chapado en oro. Cada pieza de joyer\u00eda est\u00e1 dise\u00f1ada con el coraz\u00f3n en mente y hecha a mano con amor.<\/p>\n<p>&nbsp;<\/p>","protected":false},"featured_media":1433,"template":"","meta":{"_themeisle_gutenberg_block_has_review":false},"product_cat":[22,205,206],"product_tag":[33,34,58,134],"jetpack_sharing_enabled":true,"_links":{"self":[{"href":"https:\/\/yvisdesign.com\/es\/wp-json\/wp\/v2\/product\/1115"}],"collection":[{"href":"https:\/\/yvisdesign.com\/es\/wp-json\/wp\/v2\/product"}],"about":[{"href":"https:\/\/yvisdesign.com\/es\/wp-json\/wp\/v2\/types\/product"}],"wp:featuredmedia":[{"embeddable":true,"href":"https:\/\/yvisdesign.com\/es\/wp-json\/wp\/v2\/media\/1433"}],"wp:attachment":[{"href":"https:\/\/yvisdesign.com\/es\/wp-json\/wp\/v2\/media?parent=1115"}],"wp:term":[{"taxonomy":"product_cat","embeddable":true,"href":"https:\/\/yvisdesign.com\/es\/wp-json\/wp\/v2\/product_cat?post=1115"},{"taxonomy":"product_tag","embeddable":true,"href":"https:\/\/yvisdesign.com\/es\/wp-json\/wp\/v2\/product_tag?post=1115"}],"curies":[{"name":"wp","href":"https:\/\/api.w.org\/{rel}","templated":true}]}}