{"id":1120,"date":"2020-09-03T18:10:11","date_gmt":"2020-09-03T16:10:11","guid":{"rendered":"https:\/\/yvisdesign.com\/?post_type=product&#038;p=1120"},"modified":"2025-11-10T00:03:49","modified_gmt":"2025-11-09T23:03:49","slug":"protection","status":"publish","type":"product","link":"https:\/\/yvisdesign.com\/es\/producto\/protection\/","title":{"rendered":"Protection"},"content":{"rendered":"","protected":false},"excerpt":{"rendered":"<p>Esta hermosa pulsera de cuarzo ahumado consta de bolas grandes de cuarzo ahumado de 6 mm, que se enroscan en una banda el\u00e1stica de 0,7 mm de grosor. Se incorpora el signo Yin y Yang. Tiene 10 mm de alto y est\u00e1 hecho de plata brillante 925. Cada pieza de joyer\u00eda est\u00e1 dise\u00f1ada con el coraz\u00f3n en mente y hecha a mano con amor.<\/p>","protected":false},"featured_media":1386,"template":"","meta":{"_themeisle_gutenberg_block_has_review":false},"product_cat":[21,32],"product_tag":[33,37,35],"jetpack_sharing_enabled":true,"_links":{"self":[{"href":"https:\/\/yvisdesign.com\/es\/wp-json\/wp\/v2\/product\/1120"}],"collection":[{"href":"https:\/\/yvisdesign.com\/es\/wp-json\/wp\/v2\/product"}],"about":[{"href":"https:\/\/yvisdesign.com\/es\/wp-json\/wp\/v2\/types\/product"}],"wp:featuredmedia":[{"embeddable":true,"href":"https:\/\/yvisdesign.com\/es\/wp-json\/wp\/v2\/media\/1386"}],"wp:attachment":[{"href":"https:\/\/yvisdesign.com\/es\/wp-json\/wp\/v2\/media?parent=1120"}],"wp:term":[{"taxonomy":"product_cat","embeddable":true,"href":"https:\/\/yvisdesign.com\/es\/wp-json\/wp\/v2\/product_cat?post=1120"},{"taxonomy":"product_tag","embeddable":true,"href":"https:\/\/yvisdesign.com\/es\/wp-json\/wp\/v2\/product_tag?post=1120"}],"curies":[{"name":"wp","href":"https:\/\/api.w.org\/{rel}","templated":true}]}}