{"id":1122,"date":"2020-09-03T18:09:08","date_gmt":"2020-09-03T16:09:08","guid":{"rendered":"https:\/\/yvisdesign.com\/?post_type=product&#038;p=1122"},"modified":"2025-11-10T00:05:37","modified_gmt":"2025-11-09T23:05:37","slug":"its-cool-man","status":"publish","type":"product","link":"https:\/\/yvisdesign.com\/es\/producto\/its-cool-man\/","title":{"rendered":"It\u2019s cool man"},"content":{"rendered":"","protected":false},"excerpt":{"rendered":"<p>Esta hermosa pulsera consta de bolas de lava grandes de 8 mm, que se enroscan en una banda el\u00e1stica de 0,7 mm de grosor. Hay una cabeza incorporada. Tiene un tama\u00f1o de 13 x 12 mm y est\u00e1 hecho de plata brillante 925. La conclusi\u00f3n es una bola plateada de 4 mm. Cada pieza de joyer\u00eda est\u00e1 dise\u00f1ada con el coraz\u00f3n en mente y hecha a mano con amor.<\/p>","protected":false},"featured_media":1388,"template":"","meta":{"_themeisle_gutenberg_block_has_review":false},"product_cat":[21,32],"product_tag":[33,37,35],"jetpack_sharing_enabled":true,"_links":{"self":[{"href":"https:\/\/yvisdesign.com\/es\/wp-json\/wp\/v2\/product\/1122"}],"collection":[{"href":"https:\/\/yvisdesign.com\/es\/wp-json\/wp\/v2\/product"}],"about":[{"href":"https:\/\/yvisdesign.com\/es\/wp-json\/wp\/v2\/types\/product"}],"wp:featuredmedia":[{"embeddable":true,"href":"https:\/\/yvisdesign.com\/es\/wp-json\/wp\/v2\/media\/1388"}],"wp:attachment":[{"href":"https:\/\/yvisdesign.com\/es\/wp-json\/wp\/v2\/media?parent=1122"}],"wp:term":[{"taxonomy":"product_cat","embeddable":true,"href":"https:\/\/yvisdesign.com\/es\/wp-json\/wp\/v2\/product_cat?post=1122"},{"taxonomy":"product_tag","embeddable":true,"href":"https:\/\/yvisdesign.com\/es\/wp-json\/wp\/v2\/product_tag?post=1122"}],"curies":[{"name":"wp","href":"https:\/\/api.w.org\/{rel}","templated":true}]}}