{"id":1138,"date":"2020-08-26T20:52:01","date_gmt":"2020-08-26T18:52:01","guid":{"rendered":"https:\/\/yvisdesign.com\/?post_type=product&#038;p=1138"},"modified":"2022-08-15T10:14:02","modified_gmt":"2022-08-15T08:14:02","slug":"blue-angel","status":"publish","type":"product","link":"https:\/\/yvisdesign.com\/es\/producto\/blue-angel\/","title":{"rendered":"Blue Angel"},"content":{"rendered":"","protected":false},"excerpt":{"rendered":"<p>Estos hermosos pendientes constan de dos piedras de lapisl\u00e1zuli facetadas de 4 mm de tama\u00f1o y un ala de \u00e1ngel cada una. Tiene un tama\u00f1o de 20 x 7 mm y consta de plata 925, que luego fue ba\u00f1ada en oro. El cierre chapado en oro se cierra. Cada pieza de joyer\u00eda est\u00e1 dise\u00f1ada con el coraz\u00f3n en mente y hecha a mano con amor.<\/p>","protected":false},"featured_media":1255,"template":"","meta":{"_themeisle_gutenberg_block_has_review":false},"product_cat":[22,28],"product_tag":[58,41,38,134],"jetpack_sharing_enabled":true,"_links":{"self":[{"href":"https:\/\/yvisdesign.com\/es\/wp-json\/wp\/v2\/product\/1138"}],"collection":[{"href":"https:\/\/yvisdesign.com\/es\/wp-json\/wp\/v2\/product"}],"about":[{"href":"https:\/\/yvisdesign.com\/es\/wp-json\/wp\/v2\/types\/product"}],"wp:featuredmedia":[{"embeddable":true,"href":"https:\/\/yvisdesign.com\/es\/wp-json\/wp\/v2\/media\/1255"}],"wp:attachment":[{"href":"https:\/\/yvisdesign.com\/es\/wp-json\/wp\/v2\/media?parent=1138"}],"wp:term":[{"taxonomy":"product_cat","embeddable":true,"href":"https:\/\/yvisdesign.com\/es\/wp-json\/wp\/v2\/product_cat?post=1138"},{"taxonomy":"product_tag","embeddable":true,"href":"https:\/\/yvisdesign.com\/es\/wp-json\/wp\/v2\/product_tag?post=1138"}],"curies":[{"name":"wp","href":"https:\/\/api.w.org\/{rel}","templated":true}]}}