{"id":1139,"date":"2020-08-26T20:47:22","date_gmt":"2020-08-26T18:47:22","guid":{"rendered":"https:\/\/yvisdesign.com\/?post_type=product&#038;p=1139"},"modified":"2021-09-10T14:46:42","modified_gmt":"2021-09-10T12:46:42","slug":"rainbow-wings","status":"publish","type":"product","link":"https:\/\/yvisdesign.com\/es\/producto\/rainbow-wings\/","title":{"rendered":"Rainbow Wings"},"content":{"rendered":"","protected":false},"excerpt":{"rendered":"<p>Estos hermosos pendientes constan de dos piedras de cristal de roca facetadas de 6 mm de tama\u00f1o y un ala de \u00e1ngel cada una. Tiene un tama\u00f1o de 20 x 7 mm y consta de plata 925, que luego fue ba\u00f1ada en oro. El cierre chapado en oro forma el final. Cada pieza de joyer\u00eda est\u00e1 dise\u00f1ada con el coraz\u00f3n en mente y hecha a mano con amor.<\/p>","protected":false},"featured_media":1179,"template":"","meta":{"_themeisle_gutenberg_block_has_review":false},"product_cat":[22,28],"product_tag":[58,41,38,134],"jetpack_sharing_enabled":true,"_links":{"self":[{"href":"https:\/\/yvisdesign.com\/es\/wp-json\/wp\/v2\/product\/1139"}],"collection":[{"href":"https:\/\/yvisdesign.com\/es\/wp-json\/wp\/v2\/product"}],"about":[{"href":"https:\/\/yvisdesign.com\/es\/wp-json\/wp\/v2\/types\/product"}],"wp:featuredmedia":[{"embeddable":true,"href":"https:\/\/yvisdesign.com\/es\/wp-json\/wp\/v2\/media\/1179"}],"wp:attachment":[{"href":"https:\/\/yvisdesign.com\/es\/wp-json\/wp\/v2\/media?parent=1139"}],"wp:term":[{"taxonomy":"product_cat","embeddable":true,"href":"https:\/\/yvisdesign.com\/es\/wp-json\/wp\/v2\/product_cat?post=1139"},{"taxonomy":"product_tag","embeddable":true,"href":"https:\/\/yvisdesign.com\/es\/wp-json\/wp\/v2\/product_tag?post=1139"}],"curies":[{"name":"wp","href":"https:\/\/api.w.org\/{rel}","templated":true}]}}