{"id":1141,"date":"2020-08-26T20:42:17","date_gmt":"2020-08-26T18:42:17","guid":{"rendered":"https:\/\/yvisdesign.com\/?post_type=product&#038;p=1141"},"modified":"2022-08-15T10:14:18","modified_gmt":"2022-08-15T08:14:18","slug":"stylish-star","status":"publish","type":"product","link":"https:\/\/yvisdesign.com\/es\/producto\/stylish-star\/","title":{"rendered":"Stylish Star"},"content":{"rendered":"","protected":false},"excerpt":{"rendered":"<p>Estos pendientes constan de una perla cultivada de agua dulce de color rosa de aproximadamente 7 mm de tama\u00f1o y una estrella de mar, que est\u00e1 hecha de plata 925 y chapada en oro. Mide 17 mm de altura. El cierre chapado en oro se cierra. Cada pieza de joyer\u00eda est\u00e1 dise\u00f1ada con el coraz\u00f3n en mente y hecha a mano con amor.<\/p>","protected":false},"featured_media":1189,"template":"","meta":{"_themeisle_gutenberg_block_has_review":false},"product_cat":[22,28,30],"product_tag":[58,41,38,209,134],"jetpack_sharing_enabled":true,"_links":{"self":[{"href":"https:\/\/yvisdesign.com\/es\/wp-json\/wp\/v2\/product\/1141"}],"collection":[{"href":"https:\/\/yvisdesign.com\/es\/wp-json\/wp\/v2\/product"}],"about":[{"href":"https:\/\/yvisdesign.com\/es\/wp-json\/wp\/v2\/types\/product"}],"wp:featuredmedia":[{"embeddable":true,"href":"https:\/\/yvisdesign.com\/es\/wp-json\/wp\/v2\/media\/1189"}],"wp:attachment":[{"href":"https:\/\/yvisdesign.com\/es\/wp-json\/wp\/v2\/media?parent=1141"}],"wp:term":[{"taxonomy":"product_cat","embeddable":true,"href":"https:\/\/yvisdesign.com\/es\/wp-json\/wp\/v2\/product_cat?post=1141"},{"taxonomy":"product_tag","embeddable":true,"href":"https:\/\/yvisdesign.com\/es\/wp-json\/wp\/v2\/product_tag?post=1141"}],"curies":[{"name":"wp","href":"https:\/\/api.w.org\/{rel}","templated":true}]}}