{"id":1142,"date":"2020-08-26T20:49:54","date_gmt":"2020-08-26T18:49:54","guid":{"rendered":"https:\/\/yvisdesign.com\/?post_type=product&#038;p=1142"},"modified":"2022-08-15T10:09:22","modified_gmt":"2022-08-15T08:09:22","slug":"for-my-heart","status":"publish","type":"product","link":"https:\/\/yvisdesign.com\/es\/producto\/for-my-heart\/","title":{"rendered":"For my Heart"},"content":{"rendered":"","protected":false},"excerpt":{"rendered":"<p>Estos pendientes constan de una bola grande de malaquita de 8 mm y una bola grande de plata 925 ba\u00f1ada en oro de 3 mm, que ha sido revestida de diamantes. El cierre chapado en oro se cierra. Cada pieza de joyer\u00eda est\u00e1 dise\u00f1ada con el coraz\u00f3n en mente y hecha a mano con amor.<\/p>","protected":false},"featured_media":1163,"template":"","meta":{"_themeisle_gutenberg_block_has_review":false},"product_cat":[22,28],"product_tag":[58,41,38,134],"jetpack_sharing_enabled":true,"_links":{"self":[{"href":"https:\/\/yvisdesign.com\/es\/wp-json\/wp\/v2\/product\/1142"}],"collection":[{"href":"https:\/\/yvisdesign.com\/es\/wp-json\/wp\/v2\/product"}],"about":[{"href":"https:\/\/yvisdesign.com\/es\/wp-json\/wp\/v2\/types\/product"}],"wp:featuredmedia":[{"embeddable":true,"href":"https:\/\/yvisdesign.com\/es\/wp-json\/wp\/v2\/media\/1163"}],"wp:attachment":[{"href":"https:\/\/yvisdesign.com\/es\/wp-json\/wp\/v2\/media?parent=1142"}],"wp:term":[{"taxonomy":"product_cat","embeddable":true,"href":"https:\/\/yvisdesign.com\/es\/wp-json\/wp\/v2\/product_cat?post=1142"},{"taxonomy":"product_tag","embeddable":true,"href":"https:\/\/yvisdesign.com\/es\/wp-json\/wp\/v2\/product_tag?post=1142"}],"curies":[{"name":"wp","href":"https:\/\/api.w.org\/{rel}","templated":true}]}}