{"id":1144,"date":"2020-08-26T20:48:47","date_gmt":"2020-08-26T18:48:47","guid":{"rendered":"https:\/\/yvisdesign.com\/?post_type=product&#038;p=1144"},"modified":"2022-08-15T10:09:50","modified_gmt":"2022-08-15T08:09:50","slug":"ocean-emotion","status":"publish","type":"product","link":"https:\/\/yvisdesign.com\/es\/producto\/ocean-emotion\/","title":{"rendered":"Ocean Emotion"},"content":{"rendered":"","protected":false},"excerpt":{"rendered":"<p>Estos hermosos pendientes constan de dos bolas redondas de lapisl\u00e1zuli de 6 mm y una bola de plata 925 con ba\u00f1o de oro y diamante de 4 mm y una bola de plata redonda con ba\u00f1o de oro de 2,2 mm cada una. El cierre chapado en oro se cierra. Cada pieza de joyer\u00eda est\u00e1 dise\u00f1ada con el coraz\u00f3n en mente y hecha a mano con amor.<\/p>","protected":false},"featured_media":1173,"template":"","meta":{"_themeisle_gutenberg_block_has_review":false},"product_cat":[22,28],"product_tag":[58,41,38,134],"jetpack_sharing_enabled":true,"_links":{"self":[{"href":"https:\/\/yvisdesign.com\/es\/wp-json\/wp\/v2\/product\/1144"}],"collection":[{"href":"https:\/\/yvisdesign.com\/es\/wp-json\/wp\/v2\/product"}],"about":[{"href":"https:\/\/yvisdesign.com\/es\/wp-json\/wp\/v2\/types\/product"}],"wp:featuredmedia":[{"embeddable":true,"href":"https:\/\/yvisdesign.com\/es\/wp-json\/wp\/v2\/media\/1173"}],"wp:attachment":[{"href":"https:\/\/yvisdesign.com\/es\/wp-json\/wp\/v2\/media?parent=1144"}],"wp:term":[{"taxonomy":"product_cat","embeddable":true,"href":"https:\/\/yvisdesign.com\/es\/wp-json\/wp\/v2\/product_cat?post=1144"},{"taxonomy":"product_tag","embeddable":true,"href":"https:\/\/yvisdesign.com\/es\/wp-json\/wp\/v2\/product_tag?post=1144"}],"curies":[{"name":"wp","href":"https:\/\/api.w.org\/{rel}","templated":true}]}}