{"id":1145,"date":"2020-08-26T20:46:35","date_gmt":"2020-08-26T18:46:35","guid":{"rendered":"https:\/\/yvisdesign.com\/?post_type=product&#038;p=1145"},"modified":"2022-08-15T10:10:04","modified_gmt":"2022-08-15T08:10:04","slug":"shiny-lapis","status":"publish","type":"product","link":"https:\/\/yvisdesign.com\/es\/producto\/shiny-lapis\/","title":{"rendered":"Shiny Lapis"},"content":{"rendered":"","protected":false},"excerpt":{"rendered":"<p>Estos hermosos pendientes est\u00e1n formados por tres piedras de lapisl\u00e1zuli facetadas de 4 mm de tama\u00f1o con bolas ba\u00f1adas en oro como elementos intermedios. El cierre chapado en oro se cierra. Cada pieza de joyer\u00eda est\u00e1 dise\u00f1ada con el coraz\u00f3n en mente y hecha a mano con amor.<\/p>","protected":false},"featured_media":1188,"template":"","meta":{"_themeisle_gutenberg_block_has_review":false},"product_cat":[22,28],"product_tag":[58,41,38,134],"jetpack_sharing_enabled":true,"_links":{"self":[{"href":"https:\/\/yvisdesign.com\/es\/wp-json\/wp\/v2\/product\/1145"}],"collection":[{"href":"https:\/\/yvisdesign.com\/es\/wp-json\/wp\/v2\/product"}],"about":[{"href":"https:\/\/yvisdesign.com\/es\/wp-json\/wp\/v2\/types\/product"}],"wp:featuredmedia":[{"embeddable":true,"href":"https:\/\/yvisdesign.com\/es\/wp-json\/wp\/v2\/media\/1188"}],"wp:attachment":[{"href":"https:\/\/yvisdesign.com\/es\/wp-json\/wp\/v2\/media?parent=1145"}],"wp:term":[{"taxonomy":"product_cat","embeddable":true,"href":"https:\/\/yvisdesign.com\/es\/wp-json\/wp\/v2\/product_cat?post=1145"},{"taxonomy":"product_tag","embeddable":true,"href":"https:\/\/yvisdesign.com\/es\/wp-json\/wp\/v2\/product_tag?post=1145"}],"curies":[{"name":"wp","href":"https:\/\/api.w.org\/{rel}","templated":true}]}}