{"id":1147,"date":"2020-08-26T20:49:17","date_gmt":"2020-08-26T18:49:17","guid":{"rendered":"https:\/\/yvisdesign.com\/?post_type=product&#038;p=1147"},"modified":"2022-08-15T10:09:37","modified_gmt":"2022-08-15T08:09:37","slug":"freiheit","status":"publish","type":"product","link":"https:\/\/yvisdesign.com\/es\/producto\/freiheit\/","title":{"rendered":"Freiheit"},"content":{"rendered":"","protected":false},"excerpt":{"rendered":"<p>Estos bonitos pendientes constan de tres grandes bolas de amazonita de 4 mm con bolas ba\u00f1adas en oro como elementos intermedios. El cierre chapado en oro se cierra. Cada pieza de joyer\u00eda est\u00e1 dise\u00f1ada con el coraz\u00f3n en mente y hecha a mano con amor.<\/p>","protected":false},"featured_media":1164,"template":"","meta":{"_themeisle_gutenberg_block_has_review":false},"product_cat":[22,28],"product_tag":[58,41,38,134],"jetpack_sharing_enabled":true,"_links":{"self":[{"href":"https:\/\/yvisdesign.com\/es\/wp-json\/wp\/v2\/product\/1147"}],"collection":[{"href":"https:\/\/yvisdesign.com\/es\/wp-json\/wp\/v2\/product"}],"about":[{"href":"https:\/\/yvisdesign.com\/es\/wp-json\/wp\/v2\/types\/product"}],"wp:featuredmedia":[{"embeddable":true,"href":"https:\/\/yvisdesign.com\/es\/wp-json\/wp\/v2\/media\/1164"}],"wp:attachment":[{"href":"https:\/\/yvisdesign.com\/es\/wp-json\/wp\/v2\/media?parent=1147"}],"wp:term":[{"taxonomy":"product_cat","embeddable":true,"href":"https:\/\/yvisdesign.com\/es\/wp-json\/wp\/v2\/product_cat?post=1147"},{"taxonomy":"product_tag","embeddable":true,"href":"https:\/\/yvisdesign.com\/es\/wp-json\/wp\/v2\/product_tag?post=1147"}],"curies":[{"name":"wp","href":"https:\/\/api.w.org\/{rel}","templated":true}]}}