{"id":1211,"date":"2020-09-06T19:06:46","date_gmt":"2020-09-06T17:06:46","guid":{"rendered":"https:\/\/yvisdesign.com\/?post_type=product&#038;p=1211"},"modified":"2025-11-09T08:23:59","modified_gmt":"2025-11-09T07:23:59","slug":"seyshells","status":"publish","type":"product","link":"https:\/\/yvisdesign.com\/es\/producto\/seyshells\/","title":{"rendered":"Seychells"},"content":{"rendered":"","protected":false},"excerpt":{"rendered":"<p>Este hermoso colgante consta de tres piedras de lapisl\u00e1zuli facetadas grandes de 3 \u00d7 5 mm y una estrella de mar. Tiene 17 mm de alto y est\u00e1 hecho de plata 925 ba\u00f1ada en oro. Se incorporan peque\u00f1as bolas ba\u00f1adas en oro como elementos intermedios. Cada pieza de joyer\u00eda est\u00e1 dise\u00f1ada con el coraz\u00f3n en mente y hecha a mano con amor.<\/p>","protected":false},"featured_media":1306,"template":"","meta":{"_themeisle_gutenberg_block_has_review":false},"product_cat":[22,29],"product_tag":[42,41,134],"jetpack_sharing_enabled":true,"_links":{"self":[{"href":"https:\/\/yvisdesign.com\/es\/wp-json\/wp\/v2\/product\/1211"}],"collection":[{"href":"https:\/\/yvisdesign.com\/es\/wp-json\/wp\/v2\/product"}],"about":[{"href":"https:\/\/yvisdesign.com\/es\/wp-json\/wp\/v2\/types\/product"}],"wp:featuredmedia":[{"embeddable":true,"href":"https:\/\/yvisdesign.com\/es\/wp-json\/wp\/v2\/media\/1306"}],"wp:attachment":[{"href":"https:\/\/yvisdesign.com\/es\/wp-json\/wp\/v2\/media?parent=1211"}],"wp:term":[{"taxonomy":"product_cat","embeddable":true,"href":"https:\/\/yvisdesign.com\/es\/wp-json\/wp\/v2\/product_cat?post=1211"},{"taxonomy":"product_tag","embeddable":true,"href":"https:\/\/yvisdesign.com\/es\/wp-json\/wp\/v2\/product_tag?post=1211"}],"curies":[{"name":"wp","href":"https:\/\/api.w.org\/{rel}","templated":true}]}}