{"id":1330,"date":"2020-09-06T23:08:35","date_gmt":"2020-09-06T21:08:35","guid":{"rendered":"https:\/\/yvisdesign.com\/?post_type=product&#038;p=1330"},"modified":"2021-09-08T14:18:07","modified_gmt":"2021-09-08T12:18:07","slug":"miami-beach","status":"publish","type":"product","link":"https:\/\/yvisdesign.com\/es\/producto\/miami-beach\/","title":{"rendered":"Miami Beach"},"content":{"rendered":"","protected":false},"excerpt":{"rendered":"<p>Este collar mide aproximadamente 42 cm de largo y el centro es una estrella de mar hecha de plata 925. La estrella de mar tiene un tama\u00f1o de 17 mm. Est\u00e1 enhebrado en una cinta de 0,45 mm que consta de 19 hilos de acero recubiertos de plata. Para garantizar la durabilidad, la superficie ha sido tratada con un revestimiento especial de nailon. La cadena est\u00e1 acabada con un broche de langosta de plata. Cada pieza de joyer\u00eda est\u00e1 dise\u00f1ada con el coraz\u00f3n en mente y hecha a mano con amor.<\/p>","protected":false},"featured_media":1529,"template":"","meta":{"_themeisle_gutenberg_block_has_review":false},"product_cat":[22,142,26],"product_tag":[58,41,44,35],"jetpack_sharing_enabled":true,"_links":{"self":[{"href":"https:\/\/yvisdesign.com\/es\/wp-json\/wp\/v2\/product\/1330"}],"collection":[{"href":"https:\/\/yvisdesign.com\/es\/wp-json\/wp\/v2\/product"}],"about":[{"href":"https:\/\/yvisdesign.com\/es\/wp-json\/wp\/v2\/types\/product"}],"wp:featuredmedia":[{"embeddable":true,"href":"https:\/\/yvisdesign.com\/es\/wp-json\/wp\/v2\/media\/1529"}],"wp:attachment":[{"href":"https:\/\/yvisdesign.com\/es\/wp-json\/wp\/v2\/media?parent=1330"}],"wp:term":[{"taxonomy":"product_cat","embeddable":true,"href":"https:\/\/yvisdesign.com\/es\/wp-json\/wp\/v2\/product_cat?post=1330"},{"taxonomy":"product_tag","embeddable":true,"href":"https:\/\/yvisdesign.com\/es\/wp-json\/wp\/v2\/product_tag?post=1330"}],"curies":[{"name":"wp","href":"https:\/\/api.w.org\/{rel}","templated":true}]}}