{"id":1331,"date":"2020-09-06T14:45:15","date_gmt":"2020-09-06T12:45:15","guid":{"rendered":"https:\/\/yvisdesign.com\/?post_type=product&#038;p=1331"},"modified":"2022-05-26T14:36:57","modified_gmt":"2022-05-26T12:36:57","slug":"full-of-love","status":"publish","type":"product","link":"https:\/\/yvisdesign.com\/es\/producto\/full-of-love\/","title":{"rendered":"Full of Love"},"content":{"rendered":"","protected":false},"excerpt":{"rendered":"<p>Este hermoso collar consta de piedras de cuarzo rosa facetadas de 4 mm de tama\u00f1o. Hay un ala de \u00e1ngel en el medio de la cadena. Este tiene una dimensi\u00f3n de 32 x 16 mm y est\u00e1 hecho de plata 925. Los elementos est\u00e1n enhebrados en una cinta, que consta de 49 hilos de acero m\u00e1s finos cubiertos con nailon. Esto asegura un nivel muy alto de durabilidad y, por lo tanto, resistencia al desgarro. Un broche de langosta de plata forma el final. Cada pieza de joyer\u00eda est\u00e1 dise\u00f1ada con el coraz\u00f3n en mente y hecha a mano con amor.<\/p>","protected":false},"featured_media":1477,"template":"","meta":{"_themeisle_gutenberg_block_has_review":false},"product_cat":[22,142,26],"product_tag":[58,41,44,35],"jetpack_sharing_enabled":true,"_links":{"self":[{"href":"https:\/\/yvisdesign.com\/es\/wp-json\/wp\/v2\/product\/1331"}],"collection":[{"href":"https:\/\/yvisdesign.com\/es\/wp-json\/wp\/v2\/product"}],"about":[{"href":"https:\/\/yvisdesign.com\/es\/wp-json\/wp\/v2\/types\/product"}],"wp:featuredmedia":[{"embeddable":true,"href":"https:\/\/yvisdesign.com\/es\/wp-json\/wp\/v2\/media\/1477"}],"wp:attachment":[{"href":"https:\/\/yvisdesign.com\/es\/wp-json\/wp\/v2\/media?parent=1331"}],"wp:term":[{"taxonomy":"product_cat","embeddable":true,"href":"https:\/\/yvisdesign.com\/es\/wp-json\/wp\/v2\/product_cat?post=1331"},{"taxonomy":"product_tag","embeddable":true,"href":"https:\/\/yvisdesign.com\/es\/wp-json\/wp\/v2\/product_tag?post=1331"}],"curies":[{"name":"wp","href":"https:\/\/api.w.org\/{rel}","templated":true}]}}