{"id":1336,"date":"2020-09-07T21:34:28","date_gmt":"2020-09-07T19:34:28","guid":{"rendered":"https:\/\/yvisdesign.com\/?post_type=product&#038;p=1336"},"modified":"2021-09-10T12:50:41","modified_gmt":"2021-09-10T10:50:41","slug":"be-classy-in-gold","status":"publish","type":"product","link":"https:\/\/yvisdesign.com\/es\/producto\/be-classy-in-gold\/","title":{"rendered":"Be Classy in Gold"},"content":{"rendered":"","protected":false},"excerpt":{"rendered":"<p>Este collar mide aproximadamente 42 cm de largo y el centro es una perla blanca cultivada de agua dulce grande de 12-13 mm. La perla est\u00e1 enhebrada en una cinta de 0,45 mm que consta de 19 hilos de acero recubiertos con oro de 24 quilates. Para garantizar la durabilidad, la superficie ha sido tratada con un revestimiento especial de nailon. La cadena termina con un mosquet\u00f3n de plata 925 ba\u00f1ada en oro. Cada pieza de joyer\u00eda est\u00e1 dise\u00f1ada con el coraz\u00f3n en mente y hecha a mano con amor.<\/p>","protected":false},"featured_media":1616,"template":"","meta":{"_themeisle_gutenberg_block_has_review":false},"product_cat":[22,30],"product_tag":[58,41,36,44,209,134],"jetpack_sharing_enabled":true,"_links":{"self":[{"href":"https:\/\/yvisdesign.com\/es\/wp-json\/wp\/v2\/product\/1336"}],"collection":[{"href":"https:\/\/yvisdesign.com\/es\/wp-json\/wp\/v2\/product"}],"about":[{"href":"https:\/\/yvisdesign.com\/es\/wp-json\/wp\/v2\/types\/product"}],"wp:featuredmedia":[{"embeddable":true,"href":"https:\/\/yvisdesign.com\/es\/wp-json\/wp\/v2\/media\/1616"}],"wp:attachment":[{"href":"https:\/\/yvisdesign.com\/es\/wp-json\/wp\/v2\/media?parent=1336"}],"wp:term":[{"taxonomy":"product_cat","embeddable":true,"href":"https:\/\/yvisdesign.com\/es\/wp-json\/wp\/v2\/product_cat?post=1336"},{"taxonomy":"product_tag","embeddable":true,"href":"https:\/\/yvisdesign.com\/es\/wp-json\/wp\/v2\/product_tag?post=1336"}],"curies":[{"name":"wp","href":"https:\/\/api.w.org\/{rel}","templated":true}]}}