{"id":1338,"date":"2020-09-08T22:07:20","date_gmt":"2020-09-08T20:07:20","guid":{"rendered":"https:\/\/yvisdesign.com\/?post_type=product&#038;p=1338"},"modified":"2021-09-10T13:08:37","modified_gmt":"2021-09-10T11:08:37","slug":"be-classy-in-petrol-silver","status":"publish","type":"product","link":"https:\/\/yvisdesign.com\/es\/producto\/be-classy-in-petrol-silver\/","title":{"rendered":"Be Classy in Petrol Silver"},"content":{"rendered":"","protected":false},"excerpt":{"rendered":"<p>Este collar mide aproximadamente 42 cm de largo y el centro es una perla cultivada de agua dulce grande de 12-13 mm de color petr\u00f3leo. La perla est\u00e1 enhebrada en una cinta de 0,45 mm, que consta de 19 hilos de acero recubiertos de plata. Para garantizar la durabilidad, la superficie ha sido tratada con un revestimiento especial de nailon. La cadena est\u00e1 acabada con un broche de langosta de plata. Cada pieza de joyer\u00eda est\u00e1 dise\u00f1ada con el coraz\u00f3n en mente y hecha a mano con amor.<\/p>","protected":false},"featured_media":1669,"template":"","meta":{"_themeisle_gutenberg_block_has_review":false},"product_cat":[22,30],"product_tag":[58,41,44,209,35],"jetpack_sharing_enabled":true,"_links":{"self":[{"href":"https:\/\/yvisdesign.com\/es\/wp-json\/wp\/v2\/product\/1338"}],"collection":[{"href":"https:\/\/yvisdesign.com\/es\/wp-json\/wp\/v2\/product"}],"about":[{"href":"https:\/\/yvisdesign.com\/es\/wp-json\/wp\/v2\/types\/product"}],"wp:featuredmedia":[{"embeddable":true,"href":"https:\/\/yvisdesign.com\/es\/wp-json\/wp\/v2\/media\/1669"}],"wp:attachment":[{"href":"https:\/\/yvisdesign.com\/es\/wp-json\/wp\/v2\/media?parent=1338"}],"wp:term":[{"taxonomy":"product_cat","embeddable":true,"href":"https:\/\/yvisdesign.com\/es\/wp-json\/wp\/v2\/product_cat?post=1338"},{"taxonomy":"product_tag","embeddable":true,"href":"https:\/\/yvisdesign.com\/es\/wp-json\/wp\/v2\/product_tag?post=1338"}],"curies":[{"name":"wp","href":"https:\/\/api.w.org\/{rel}","templated":true}]}}