{"id":1342,"date":"2020-09-06T22:42:29","date_gmt":"2020-09-06T20:42:29","guid":{"rendered":"https:\/\/yvisdesign.com\/?post_type=product&#038;p=1342"},"modified":"2021-09-08T14:30:01","modified_gmt":"2021-09-08T12:30:01","slug":"cosmopolitan","status":"publish","type":"product","link":"https:\/\/yvisdesign.com\/es\/producto\/cosmopolitan\/","title":{"rendered":"Cosmopolitan"},"content":{"rendered":"","protected":false},"excerpt":{"rendered":"<p>La cadena mide aproximadamente 42 cm de largo y consta de piedras facetadas de \u00f3nix negro de color de 6 mm. En el centro de la cadena hay un coraz\u00f3n con un tama\u00f1o de aproximadamente 14 mm y realizado en plata 925 ba\u00f1ada en oro. Se incorporan 6 bolas de plata ba\u00f1adas en oro con un tama\u00f1o de 4 mm a intervalos regulares. Los elementos est\u00e1n enhebrados en una cinta, que consta de 49 hilos de acero m\u00e1s finos cubiertos con nailon. Esto asegura un nivel muy alto de durabilidad y, por lo tanto, resistencia al desgarro. La conclusi\u00f3n es un mosquet\u00f3n de plata 925 chapado en oro. Cada pieza de joyer\u00eda est\u00e1 dise\u00f1ada con el coraz\u00f3n en mente y hecha a mano con amor.<\/p>","protected":false},"featured_media":4681,"template":"","meta":{"_themeisle_gutenberg_block_has_review":false},"product_cat":[22,142,26],"product_tag":[58,41,44,134],"jetpack_sharing_enabled":true,"_links":{"self":[{"href":"https:\/\/yvisdesign.com\/es\/wp-json\/wp\/v2\/product\/1342"}],"collection":[{"href":"https:\/\/yvisdesign.com\/es\/wp-json\/wp\/v2\/product"}],"about":[{"href":"https:\/\/yvisdesign.com\/es\/wp-json\/wp\/v2\/types\/product"}],"wp:featuredmedia":[{"embeddable":true,"href":"https:\/\/yvisdesign.com\/es\/wp-json\/wp\/v2\/media\/4681"}],"wp:attachment":[{"href":"https:\/\/yvisdesign.com\/es\/wp-json\/wp\/v2\/media?parent=1342"}],"wp:term":[{"taxonomy":"product_cat","embeddable":true,"href":"https:\/\/yvisdesign.com\/es\/wp-json\/wp\/v2\/product_cat?post=1342"},{"taxonomy":"product_tag","embeddable":true,"href":"https:\/\/yvisdesign.com\/es\/wp-json\/wp\/v2\/product_tag?post=1342"}],"curies":[{"name":"wp","href":"https:\/\/api.w.org\/{rel}","templated":true}]}}