{"id":1343,"date":"2020-09-06T22:43:23","date_gmt":"2020-09-06T20:43:23","guid":{"rendered":"https:\/\/yvisdesign.com\/?post_type=product&#038;p=1343"},"modified":"2022-05-26T14:36:41","modified_gmt":"2022-05-26T12:36:41","slug":"lavasunset","status":"publish","type":"product","link":"https:\/\/yvisdesign.com\/es\/producto\/lavasunset\/","title":{"rendered":"Lavasunset"},"content":{"rendered":"","protected":false},"excerpt":{"rendered":"<p>Esta hermosa cadena mide aproximadamente 42 cm de largo y consta de bolas de lava pulidas de 8 mm alineadas alternativamente con bolas de plata 925 chapadas en oro y cubiertas de diamantes de 3 mm. Los elementos est\u00e1n enhebrados en una cinta de 0,45 mm, que consta de 49 hilos de acero de primera calidad cubiertos con nailon. Esto asegura un nivel muy alto de durabilidad y, por lo tanto, resistencia al desgarro. La conclusi\u00f3n es un mosquet\u00f3n de plata 925 chapado en oro. Cada pieza de joyer\u00eda est\u00e1 dise\u00f1ada con el coraz\u00f3n en mente y hecha a mano con amor.<\/p>","protected":false},"featured_media":1514,"template":"","meta":{"_themeisle_gutenberg_block_has_review":false},"product_cat":[22,142,26],"product_tag":[58,41,44,134],"jetpack_sharing_enabled":true,"_links":{"self":[{"href":"https:\/\/yvisdesign.com\/es\/wp-json\/wp\/v2\/product\/1343"}],"collection":[{"href":"https:\/\/yvisdesign.com\/es\/wp-json\/wp\/v2\/product"}],"about":[{"href":"https:\/\/yvisdesign.com\/es\/wp-json\/wp\/v2\/types\/product"}],"wp:featuredmedia":[{"embeddable":true,"href":"https:\/\/yvisdesign.com\/es\/wp-json\/wp\/v2\/media\/1514"}],"wp:attachment":[{"href":"https:\/\/yvisdesign.com\/es\/wp-json\/wp\/v2\/media?parent=1343"}],"wp:term":[{"taxonomy":"product_cat","embeddable":true,"href":"https:\/\/yvisdesign.com\/es\/wp-json\/wp\/v2\/product_cat?post=1343"},{"taxonomy":"product_tag","embeddable":true,"href":"https:\/\/yvisdesign.com\/es\/wp-json\/wp\/v2\/product_tag?post=1343"}],"curies":[{"name":"wp","href":"https:\/\/api.w.org\/{rel}","templated":true}]}}