{"id":1346,"date":"2020-09-03T23:13:47","date_gmt":"2020-09-03T21:13:47","guid":{"rendered":"https:\/\/yvisdesign.com\/?post_type=product&#038;p=1346"},"modified":"2021-09-10T13:11:19","modified_gmt":"2021-09-10T11:11:19","slug":"pink-heart-magic","status":"publish","type":"product","link":"https:\/\/yvisdesign.com\/es\/producto\/pink-heart-magic\/","title":{"rendered":"Pink Heart Magic"},"content":{"rendered":"","protected":false},"excerpt":{"rendered":"<p>Este collar mide aproximadamente 42 cm de largo y en el medio forma un coraz\u00f3n de plata 925 ba\u00f1ada en oro con un tama\u00f1o de 14 mm. Este coraz\u00f3n est\u00e1 rodeado por dos perlas cultivadas de agua dulce de color rosa, de aproximadamente 7 mm de tama\u00f1o. Las perlas est\u00e1n enhebradas en una cinta de 0,45 mm que consta de 19 hilos de acero recubiertos con oro de 24 quilates. Para garantizar la durabilidad, la superficie ha sido tratada con un revestimiento especial de nailon. La cadena est\u00e1 acabada con el mosquet\u00f3n de plata 925 ba\u00f1ado en oro. Cada pieza de joyer\u00eda est\u00e1 dise\u00f1ada con el coraz\u00f3n en mente y hecha a mano con amor.<\/p>","protected":false},"featured_media":1609,"template":"","meta":{"_themeisle_gutenberg_block_has_review":false},"product_cat":[22,30],"product_tag":[58,41,44,209,134],"jetpack_sharing_enabled":true,"_links":{"self":[{"href":"https:\/\/yvisdesign.com\/es\/wp-json\/wp\/v2\/product\/1346"}],"collection":[{"href":"https:\/\/yvisdesign.com\/es\/wp-json\/wp\/v2\/product"}],"about":[{"href":"https:\/\/yvisdesign.com\/es\/wp-json\/wp\/v2\/types\/product"}],"wp:featuredmedia":[{"embeddable":true,"href":"https:\/\/yvisdesign.com\/es\/wp-json\/wp\/v2\/media\/1609"}],"wp:attachment":[{"href":"https:\/\/yvisdesign.com\/es\/wp-json\/wp\/v2\/media?parent=1346"}],"wp:term":[{"taxonomy":"product_cat","embeddable":true,"href":"https:\/\/yvisdesign.com\/es\/wp-json\/wp\/v2\/product_cat?post=1346"},{"taxonomy":"product_tag","embeddable":true,"href":"https:\/\/yvisdesign.com\/es\/wp-json\/wp\/v2\/product_tag?post=1346"}],"curies":[{"name":"wp","href":"https:\/\/api.w.org\/{rel}","templated":true}]}}