{"id":1348,"date":"2020-09-08T21:20:59","date_gmt":"2020-09-08T19:20:59","guid":{"rendered":"https:\/\/yvisdesign.com\/?post_type=product&#038;p=1348"},"modified":"2022-05-26T14:32:33","modified_gmt":"2022-05-26T12:32:33","slug":"palm-springs-2","status":"publish","type":"product","link":"https:\/\/yvisdesign.com\/es\/producto\/palm-springs-2\/","title":{"rendered":"Palm Springs"},"content":{"rendered":"","protected":false},"excerpt":{"rendered":"<p>Este collar consta de piedras heliotropos facetadas con un tama\u00f1o de aproximadamente 4 mm. Se incorporan a la cadena 9 perlas cultivadas de agua dulce de color rosa con un tama\u00f1o de aproximadamente 7 mm. Las piedras y perlas est\u00e1n enhebradas en una cinta, que consta de 49 hilos de acero de primera calidad cubiertos con nailon. Esto asegura un nivel muy alto de durabilidad y, por lo tanto, resistencia al desgarro. Un broche de langosta de plata forma el final. Cada pieza de joyer\u00eda est\u00e1 dise\u00f1ada con el coraz\u00f3n en mente y hecha a mano con amor.<\/p>","protected":false},"featured_media":1621,"template":"","meta":{"_themeisle_gutenberg_block_has_review":false},"product_cat":[22,142,26],"product_tag":[58,41,44,35],"jetpack_sharing_enabled":true,"_links":{"self":[{"href":"https:\/\/yvisdesign.com\/es\/wp-json\/wp\/v2\/product\/1348"}],"collection":[{"href":"https:\/\/yvisdesign.com\/es\/wp-json\/wp\/v2\/product"}],"about":[{"href":"https:\/\/yvisdesign.com\/es\/wp-json\/wp\/v2\/types\/product"}],"wp:featuredmedia":[{"embeddable":true,"href":"https:\/\/yvisdesign.com\/es\/wp-json\/wp\/v2\/media\/1621"}],"wp:attachment":[{"href":"https:\/\/yvisdesign.com\/es\/wp-json\/wp\/v2\/media?parent=1348"}],"wp:term":[{"taxonomy":"product_cat","embeddable":true,"href":"https:\/\/yvisdesign.com\/es\/wp-json\/wp\/v2\/product_cat?post=1348"},{"taxonomy":"product_tag","embeddable":true,"href":"https:\/\/yvisdesign.com\/es\/wp-json\/wp\/v2\/product_tag?post=1348"}],"curies":[{"name":"wp","href":"https:\/\/api.w.org\/{rel}","templated":true}]}}