{"id":1349,"date":"2020-09-07T21:37:14","date_gmt":"2020-09-07T19:37:14","guid":{"rendered":"https:\/\/yvisdesign.com\/?post_type=product&#038;p=1349"},"modified":"2021-09-08T14:16:54","modified_gmt":"2021-09-08T12:16:54","slug":"angel-whispher","status":"publish","type":"product","link":"https:\/\/yvisdesign.com\/es\/producto\/angel-whispher\/","title":{"rendered":"Angel Whisper"},"content":{"rendered":"","protected":false},"excerpt":{"rendered":"<p>Este collar mide aproximadamente 42 cm de largo y en el medio forma un ala de \u00e1ngel de plata 925. El ala de \u00e1ngel tiene un tama\u00f1o de 32 x 16 mm. Est\u00e1 enhebrado en una cinta de 0,45 mm que consta de 19 hilos de acero recubiertos de plata. Para garantizar la durabilidad, la superficie ha sido tratada con un revestimiento especial de nailon. La cadena est\u00e1 acabada con un broche de langosta de plata. Cada pieza de joyer\u00eda est\u00e1 dise\u00f1ada con el coraz\u00f3n en mente y hecha a mano con amor.<\/p>","protected":false},"featured_media":1608,"template":"","meta":{"_themeisle_gutenberg_block_has_review":false},"product_cat":[22,142,26],"product_tag":[58,41,44,35],"jetpack_sharing_enabled":true,"_links":{"self":[{"href":"https:\/\/yvisdesign.com\/es\/wp-json\/wp\/v2\/product\/1349"}],"collection":[{"href":"https:\/\/yvisdesign.com\/es\/wp-json\/wp\/v2\/product"}],"about":[{"href":"https:\/\/yvisdesign.com\/es\/wp-json\/wp\/v2\/types\/product"}],"wp:featuredmedia":[{"embeddable":true,"href":"https:\/\/yvisdesign.com\/es\/wp-json\/wp\/v2\/media\/1608"}],"wp:attachment":[{"href":"https:\/\/yvisdesign.com\/es\/wp-json\/wp\/v2\/media?parent=1349"}],"wp:term":[{"taxonomy":"product_cat","embeddable":true,"href":"https:\/\/yvisdesign.com\/es\/wp-json\/wp\/v2\/product_cat?post=1349"},{"taxonomy":"product_tag","embeddable":true,"href":"https:\/\/yvisdesign.com\/es\/wp-json\/wp\/v2\/product_tag?post=1349"}],"curies":[{"name":"wp","href":"https:\/\/api.w.org\/{rel}","templated":true}]}}