{"id":1350,"date":"2020-09-08T21:58:15","date_gmt":"2020-09-08T19:58:15","guid":{"rendered":"https:\/\/yvisdesign.com\/?post_type=product&#038;p=1350"},"modified":"2022-05-26T14:31:10","modified_gmt":"2022-05-26T12:31:10","slug":"light-it-up","status":"publish","type":"product","link":"https:\/\/yvisdesign.com\/es\/producto\/light-it-up\/","title":{"rendered":"Light it up"},"content":{"rendered":"","protected":false},"excerpt":{"rendered":"<p>La cadena mide aproximadamente 42 cm de largo y consta de piedras de aguamarina facetadas de 4 mm. En el medio de la cadena hay una estrella de mar de plata 925. Tiene un tama\u00f1o aproximado de 19 x 19 mm. Los elementos est\u00e1n enhebrados en una cinta, que consta de 49 hilos de acero m\u00e1s finos cubiertos con nailon. Esto asegura un nivel muy alto de durabilidad y, por lo tanto, resistencia al desgarro. Un broche de langosta de plata forma el final. Cada pieza de joyer\u00eda est\u00e1 dise\u00f1ada con el coraz\u00f3n en mente y hecha a mano con amor.<\/p>","protected":false},"featured_media":1627,"template":"","meta":{"_themeisle_gutenberg_block_has_review":false},"product_cat":[22,142,26],"product_tag":[58,41,44,35],"jetpack_sharing_enabled":true,"_links":{"self":[{"href":"https:\/\/yvisdesign.com\/es\/wp-json\/wp\/v2\/product\/1350"}],"collection":[{"href":"https:\/\/yvisdesign.com\/es\/wp-json\/wp\/v2\/product"}],"about":[{"href":"https:\/\/yvisdesign.com\/es\/wp-json\/wp\/v2\/types\/product"}],"wp:featuredmedia":[{"embeddable":true,"href":"https:\/\/yvisdesign.com\/es\/wp-json\/wp\/v2\/media\/1627"}],"wp:attachment":[{"href":"https:\/\/yvisdesign.com\/es\/wp-json\/wp\/v2\/media?parent=1350"}],"wp:term":[{"taxonomy":"product_cat","embeddable":true,"href":"https:\/\/yvisdesign.com\/es\/wp-json\/wp\/v2\/product_cat?post=1350"},{"taxonomy":"product_tag","embeddable":true,"href":"https:\/\/yvisdesign.com\/es\/wp-json\/wp\/v2\/product_tag?post=1350"}],"curies":[{"name":"wp","href":"https:\/\/api.w.org\/{rel}","templated":true}]}}