{"id":1351,"date":"2020-09-03T21:10:47","date_gmt":"2020-09-03T19:10:47","guid":{"rendered":"https:\/\/yvisdesign.com\/?post_type=product&#038;p=1351"},"modified":"2022-05-26T14:37:10","modified_gmt":"2022-05-26T12:37:10","slug":"key-west","status":"publish","type":"product","link":"https:\/\/yvisdesign.com\/es\/producto\/key-west\/","title":{"rendered":"Key West"},"content":{"rendered":"","protected":false},"excerpt":{"rendered":"<p>La cadena mide aproximadamente 42 cm de largo y consta de piedras de amazonita facetadas de 3 x 5 mm. En medio de la cadena hay una estrella de mar de plata 925 ba\u00f1ada en oro. Tiene un tama\u00f1o aproximado de 19 x 19 mm. Los elementos est\u00e1n enhebrados en una cinta, que consta de 49 hilos de acero m\u00e1s finos cubiertos con nailon. Esto asegura un nivel muy alto de durabilidad y, por lo tanto, resistencia al desgarro. La conclusi\u00f3n es un mosquet\u00f3n de plata 925 chapado en oro. Cada pieza de joyer\u00eda est\u00e1 dise\u00f1ada con el coraz\u00f3n en mente y hecha a mano con amor.<\/p>","protected":false},"featured_media":1515,"template":"","meta":{"_themeisle_gutenberg_block_has_review":false},"product_cat":[22,142,26],"product_tag":[58,41,44,134],"jetpack_sharing_enabled":true,"_links":{"self":[{"href":"https:\/\/yvisdesign.com\/es\/wp-json\/wp\/v2\/product\/1351"}],"collection":[{"href":"https:\/\/yvisdesign.com\/es\/wp-json\/wp\/v2\/product"}],"about":[{"href":"https:\/\/yvisdesign.com\/es\/wp-json\/wp\/v2\/types\/product"}],"wp:featuredmedia":[{"embeddable":true,"href":"https:\/\/yvisdesign.com\/es\/wp-json\/wp\/v2\/media\/1515"}],"wp:attachment":[{"href":"https:\/\/yvisdesign.com\/es\/wp-json\/wp\/v2\/media?parent=1351"}],"wp:term":[{"taxonomy":"product_cat","embeddable":true,"href":"https:\/\/yvisdesign.com\/es\/wp-json\/wp\/v2\/product_cat?post=1351"},{"taxonomy":"product_tag","embeddable":true,"href":"https:\/\/yvisdesign.com\/es\/wp-json\/wp\/v2\/product_tag?post=1351"}],"curies":[{"name":"wp","href":"https:\/\/api.w.org\/{rel}","templated":true}]}}