{"id":1355,"date":"2020-09-06T22:38:41","date_gmt":"2020-09-06T20:38:41","guid":{"rendered":"https:\/\/yvisdesign.com\/?post_type=product&#038;p=1355"},"modified":"2022-03-11T15:26:59","modified_gmt":"2022-03-11T14:26:59","slug":"oceanbeauty","status":"publish","type":"product","link":"https:\/\/yvisdesign.com\/es\/producto\/oceanbeauty\/","title":{"rendered":"Oceanbeauty"},"content":{"rendered":"","protected":false},"excerpt":{"rendered":"<p>Este hermoso collar mide aproximadamente 80 cm de largo y consta de piedras redondas de lapisl\u00e1zuli de aproximadamente 6 mm de largo. En el centro de la cadena hay una perla blanca cultivada de agua dulce redonda, una bola de plata de 6 mm y una concha. La concha mide 34 x 6 mm y est\u00e1 hecha de plata 925. Los elementos est\u00e1n enhebrados en una cinta, que consta de 49 hilos de acero m\u00e1s finos cubiertos con nailon. Esto asegura un nivel muy alto de durabilidad y, por lo tanto, resistencia al desgarro. Un broche de langosta de plata forma el final. Cada pieza de joyer\u00eda est\u00e1 dise\u00f1ada con el coraz\u00f3n en mente y hecha a mano con amor.<\/p>","protected":false},"featured_media":1509,"template":"","meta":{"_themeisle_gutenberg_block_has_review":false},"product_cat":[22,45],"product_tag":[41,44,35],"jetpack_sharing_enabled":true,"_links":{"self":[{"href":"https:\/\/yvisdesign.com\/es\/wp-json\/wp\/v2\/product\/1355"}],"collection":[{"href":"https:\/\/yvisdesign.com\/es\/wp-json\/wp\/v2\/product"}],"about":[{"href":"https:\/\/yvisdesign.com\/es\/wp-json\/wp\/v2\/types\/product"}],"wp:featuredmedia":[{"embeddable":true,"href":"https:\/\/yvisdesign.com\/es\/wp-json\/wp\/v2\/media\/1509"}],"wp:attachment":[{"href":"https:\/\/yvisdesign.com\/es\/wp-json\/wp\/v2\/media?parent=1355"}],"wp:term":[{"taxonomy":"product_cat","embeddable":true,"href":"https:\/\/yvisdesign.com\/es\/wp-json\/wp\/v2\/product_cat?post=1355"},{"taxonomy":"product_tag","embeddable":true,"href":"https:\/\/yvisdesign.com\/es\/wp-json\/wp\/v2\/product_tag?post=1355"}],"curies":[{"name":"wp","href":"https:\/\/api.w.org\/{rel}","templated":true}]}}