{"id":1357,"date":"2020-09-06T22:40:14","date_gmt":"2020-09-06T20:40:14","guid":{"rendered":"https:\/\/yvisdesign.com\/?post_type=product&#038;p=1357"},"modified":"2021-09-07T12:45:28","modified_gmt":"2021-09-07T10:45:28","slug":"still-lovely","status":"publish","type":"product","link":"https:\/\/yvisdesign.com\/es\/producto\/still-lovely\/","title":{"rendered":"Still Lovely"},"content":{"rendered":"","protected":false},"excerpt":{"rendered":"<p>Este hermoso collar mide aproximadamente 80 cm de largo y consta de piedras de cuarzo rosa facetadas de 6 mm de tama\u00f1o. En el medio de la cadena hay una perla blanca cultivada de agua dulce redonda y un ala de \u00e1ngel. Este tiene una dimensi\u00f3n de 32 x 16 mm y est\u00e1 hecho de plata 925. Los elementos est\u00e1n enhebrados en una cinta, que consta de 49 hilos de acero m\u00e1s finos cubiertos con nailon. Esto asegura un nivel muy alto de durabilidad y, por lo tanto, resistencia al desgarro. Un broche de langosta de plata forma el final.\nCada pieza de joyer\u00eda est\u00e1 dise\u00f1ada con el coraz\u00f3n en mente y hecha a mano con amor.<br \/>\nJedes Schmuckst\u00fcck wird mit dem Herzen entworfen und in liebevoller Handarbeit erstellt.<\/p>","protected":false},"featured_media":1511,"template":"","meta":{"_themeisle_gutenberg_block_has_review":false},"product_cat":[22,45],"product_tag":[41,44,35],"jetpack_sharing_enabled":true,"_links":{"self":[{"href":"https:\/\/yvisdesign.com\/es\/wp-json\/wp\/v2\/product\/1357"}],"collection":[{"href":"https:\/\/yvisdesign.com\/es\/wp-json\/wp\/v2\/product"}],"about":[{"href":"https:\/\/yvisdesign.com\/es\/wp-json\/wp\/v2\/types\/product"}],"wp:featuredmedia":[{"embeddable":true,"href":"https:\/\/yvisdesign.com\/es\/wp-json\/wp\/v2\/media\/1511"}],"wp:attachment":[{"href":"https:\/\/yvisdesign.com\/es\/wp-json\/wp\/v2\/media?parent=1357"}],"wp:term":[{"taxonomy":"product_cat","embeddable":true,"href":"https:\/\/yvisdesign.com\/es\/wp-json\/wp\/v2\/product_cat?post=1357"},{"taxonomy":"product_tag","embeddable":true,"href":"https:\/\/yvisdesign.com\/es\/wp-json\/wp\/v2\/product_tag?post=1357"}],"curies":[{"name":"wp","href":"https:\/\/api.w.org\/{rel}","templated":true}]}}