{"id":1438,"date":"2020-09-03T20:45:48","date_gmt":"2020-09-03T18:45:48","guid":{"rendered":"https:\/\/yvisdesign.com\/?post_type=product&#038;p=1438"},"modified":"2021-09-15T14:01:10","modified_gmt":"2021-09-15T12:01:10","slug":"eye-catcher","status":"publish","type":"product","link":"https:\/\/yvisdesign.com\/es\/producto\/eye-catcher\/","title":{"rendered":"Eye Catcher"},"content":{"rendered":"","protected":false},"excerpt":{"rendered":"<p>Esta hermosa pulsera de perlas mide aproximadamente 19 cm de largo y consta de perlas cultivadas de agua dulce de color petr\u00f3leo que tienen un tama\u00f1o de 12-14 mm. La pulsera est\u00e1 enhebrada en una cinta, que consta de 49 hilos de acero de primera calidad cubiertos con nailon. Esto asegura un nivel muy alto de durabilidad y, por lo tanto, resistencia al desgarro. Un broche de langosta de plata forma el final. Cada perla es \u00fanica. Cada pieza de joyer\u00eda est\u00e1 dise\u00f1ada con el coraz\u00f3n en mente y hecha a mano con amor.<\/p>","protected":false},"featured_media":1436,"template":"","meta":{"_themeisle_gutenberg_block_has_review":false},"product_cat":[22,30],"product_tag":[46,58,41,209,35],"jetpack_sharing_enabled":true,"_links":{"self":[{"href":"https:\/\/yvisdesign.com\/es\/wp-json\/wp\/v2\/product\/1438"}],"collection":[{"href":"https:\/\/yvisdesign.com\/es\/wp-json\/wp\/v2\/product"}],"about":[{"href":"https:\/\/yvisdesign.com\/es\/wp-json\/wp\/v2\/types\/product"}],"wp:featuredmedia":[{"embeddable":true,"href":"https:\/\/yvisdesign.com\/es\/wp-json\/wp\/v2\/media\/1436"}],"wp:attachment":[{"href":"https:\/\/yvisdesign.com\/es\/wp-json\/wp\/v2\/media?parent=1438"}],"wp:term":[{"taxonomy":"product_cat","embeddable":true,"href":"https:\/\/yvisdesign.com\/es\/wp-json\/wp\/v2\/product_cat?post=1438"},{"taxonomy":"product_tag","embeddable":true,"href":"https:\/\/yvisdesign.com\/es\/wp-json\/wp\/v2\/product_tag?post=1438"}],"curies":[{"name":"wp","href":"https:\/\/api.w.org\/{rel}","templated":true}]}}