{"id":1458,"date":"2020-09-04T08:55:52","date_gmt":"2020-09-04T06:55:52","guid":{"rendered":"https:\/\/yvisdesign.com\/?post_type=product&#038;p=1458"},"modified":"2025-11-09T23:49:36","modified_gmt":"2025-11-09T22:49:36","slug":"hero","status":"publish","type":"product","link":"https:\/\/yvisdesign.com\/es\/producto\/hero\/","title":{"rendered":"Hero"},"content":{"rendered":"","protected":false},"excerpt":{"rendered":"<p>Esta hermosa pulsera consta de riolita redonda de 8 mm de largo, calcita naranja, ojo de tigre, malaquita y bolas de lava, que se ensartan en una banda el\u00e1stica de 0,7 mm de grosor. La conclusi\u00f3n es una bola plateada de 4 mm. Cada pieza de joyer\u00eda est\u00e1 dise\u00f1ada con el coraz\u00f3n en mente y hecha a mano con amor.<\/p>","protected":false},"featured_media":1392,"template":"","meta":{"_themeisle_gutenberg_block_has_review":false},"product_cat":[21,32],"product_tag":[33,37,35],"jetpack_sharing_enabled":true,"_links":{"self":[{"href":"https:\/\/yvisdesign.com\/es\/wp-json\/wp\/v2\/product\/1458"}],"collection":[{"href":"https:\/\/yvisdesign.com\/es\/wp-json\/wp\/v2\/product"}],"about":[{"href":"https:\/\/yvisdesign.com\/es\/wp-json\/wp\/v2\/types\/product"}],"wp:featuredmedia":[{"embeddable":true,"href":"https:\/\/yvisdesign.com\/es\/wp-json\/wp\/v2\/media\/1392"}],"wp:attachment":[{"href":"https:\/\/yvisdesign.com\/es\/wp-json\/wp\/v2\/media?parent=1458"}],"wp:term":[{"taxonomy":"product_cat","embeddable":true,"href":"https:\/\/yvisdesign.com\/es\/wp-json\/wp\/v2\/product_cat?post=1458"},{"taxonomy":"product_tag","embeddable":true,"href":"https:\/\/yvisdesign.com\/es\/wp-json\/wp\/v2\/product_tag?post=1458"}],"curies":[{"name":"wp","href":"https:\/\/api.w.org\/{rel}","templated":true}]}}