{"id":1496,"date":"2020-09-06T19:20:04","date_gmt":"2020-09-06T17:20:04","guid":{"rendered":"https:\/\/yvisdesign.com\/?post_type=product&#038;p=1496"},"modified":"2020-09-08T14:48:35","modified_gmt":"2020-09-08T12:48:35","slug":"amazonas","status":"publish","type":"product","link":"https:\/\/yvisdesign.com\/es\/producto\/amazonas\/","title":{"rendered":"Amazonas"},"content":{"rendered":"","protected":false},"excerpt":{"rendered":"<p>Este colgante consta de una bola de malaquita de 8 mm. Los otros elementos son dos peque\u00f1as bolas de plata 925 ba\u00f1adas en oro. Cada pieza de joyer\u00eda est\u00e1 dise\u00f1ada con el coraz\u00f3n en mente y hecha a mano con amor.<\/p>","protected":false},"featured_media":1308,"template":"","meta":{"_themeisle_gutenberg_block_has_review":false},"product_cat":[22,29],"product_tag":[42,41,36],"jetpack_sharing_enabled":true,"_links":{"self":[{"href":"https:\/\/yvisdesign.com\/es\/wp-json\/wp\/v2\/product\/1496"}],"collection":[{"href":"https:\/\/yvisdesign.com\/es\/wp-json\/wp\/v2\/product"}],"about":[{"href":"https:\/\/yvisdesign.com\/es\/wp-json\/wp\/v2\/types\/product"}],"wp:featuredmedia":[{"embeddable":true,"href":"https:\/\/yvisdesign.com\/es\/wp-json\/wp\/v2\/media\/1308"}],"wp:attachment":[{"href":"https:\/\/yvisdesign.com\/es\/wp-json\/wp\/v2\/media?parent=1496"}],"wp:term":[{"taxonomy":"product_cat","embeddable":true,"href":"https:\/\/yvisdesign.com\/es\/wp-json\/wp\/v2\/product_cat?post=1496"},{"taxonomy":"product_tag","embeddable":true,"href":"https:\/\/yvisdesign.com\/es\/wp-json\/wp\/v2\/product_tag?post=1496"}],"curies":[{"name":"wp","href":"https:\/\/api.w.org\/{rel}","templated":true}]}}