{"id":1497,"date":"2020-09-06T19:21:08","date_gmt":"2020-09-06T17:21:08","guid":{"rendered":"https:\/\/yvisdesign.com\/?post_type=product&#038;p=1497"},"modified":"2020-09-08T14:49:56","modified_gmt":"2020-09-08T12:49:56","slug":"waikiki-beach-hawaii","status":"publish","type":"product","link":"https:\/\/yvisdesign.com\/es\/producto\/waikiki-beach-hawaii\/","title":{"rendered":"Waikiki Beach Hawaii"},"content":{"rendered":"","protected":false},"excerpt":{"rendered":"<p>El colgante consta de una piedra aguamarina facetada de 8 mm de tama\u00f1o y una concha grande de 19 x 22 mm de plata 925. Encima de la piedra aguamarina hay una bola de plata 925 con corte de diamante de 3 mm. Cada pieza de joyer\u00eda est\u00e1 dise\u00f1ada con el coraz\u00f3n en mente y hecha a mano con amor.<\/p>\n<p>&nbsp;<\/p>","protected":false},"featured_media":1299,"template":"","meta":{"_themeisle_gutenberg_block_has_review":false},"product_cat":[22,29],"product_tag":[42,41,35],"jetpack_sharing_enabled":true,"_links":{"self":[{"href":"https:\/\/yvisdesign.com\/es\/wp-json\/wp\/v2\/product\/1497"}],"collection":[{"href":"https:\/\/yvisdesign.com\/es\/wp-json\/wp\/v2\/product"}],"about":[{"href":"https:\/\/yvisdesign.com\/es\/wp-json\/wp\/v2\/types\/product"}],"wp:featuredmedia":[{"embeddable":true,"href":"https:\/\/yvisdesign.com\/es\/wp-json\/wp\/v2\/media\/1299"}],"wp:attachment":[{"href":"https:\/\/yvisdesign.com\/es\/wp-json\/wp\/v2\/media?parent=1497"}],"wp:term":[{"taxonomy":"product_cat","embeddable":true,"href":"https:\/\/yvisdesign.com\/es\/wp-json\/wp\/v2\/product_cat?post=1497"},{"taxonomy":"product_tag","embeddable":true,"href":"https:\/\/yvisdesign.com\/es\/wp-json\/wp\/v2\/product_tag?post=1497"}],"curies":[{"name":"wp","href":"https:\/\/api.w.org\/{rel}","templated":true}]}}