{"id":1500,"date":"2020-09-06T19:23:37","date_gmt":"2020-09-06T17:23:37","guid":{"rendered":"https:\/\/yvisdesign.com\/?post_type=product&#038;p=1500"},"modified":"2020-09-08T14:32:41","modified_gmt":"2020-09-08T12:32:41","slug":"palm-springs","status":"publish","type":"product","link":"https:\/\/yvisdesign.com\/es\/producto\/palm-springs\/","title":{"rendered":"Palm Springs"},"content":{"rendered":"","protected":false},"excerpt":{"rendered":"<p>Este colgante consta de una bola de malaquita grande de 8 mm y una concha grande de 19 x 22 mm. La carcasa est\u00e1 hecha de plata 925 y est\u00e1 ba\u00f1ada en oro. Sobre la bola de malaquita se incorpora una bola de plata ba\u00f1ada en oro y diamantada con un tama\u00f1o de 3 mm. Cada pieza de joyer\u00eda est\u00e1 dise\u00f1ada con el coraz\u00f3n en mente y hecha a mano con amor.<\/p>","protected":false},"featured_media":1298,"template":"","meta":{"_themeisle_gutenberg_block_has_review":false},"product_cat":[22,29],"product_tag":[42,41,36],"jetpack_sharing_enabled":true,"_links":{"self":[{"href":"https:\/\/yvisdesign.com\/es\/wp-json\/wp\/v2\/product\/1500"}],"collection":[{"href":"https:\/\/yvisdesign.com\/es\/wp-json\/wp\/v2\/product"}],"about":[{"href":"https:\/\/yvisdesign.com\/es\/wp-json\/wp\/v2\/types\/product"}],"wp:featuredmedia":[{"embeddable":true,"href":"https:\/\/yvisdesign.com\/es\/wp-json\/wp\/v2\/media\/1298"}],"wp:attachment":[{"href":"https:\/\/yvisdesign.com\/es\/wp-json\/wp\/v2\/media?parent=1500"}],"wp:term":[{"taxonomy":"product_cat","embeddable":true,"href":"https:\/\/yvisdesign.com\/es\/wp-json\/wp\/v2\/product_cat?post=1500"},{"taxonomy":"product_tag","embeddable":true,"href":"https:\/\/yvisdesign.com\/es\/wp-json\/wp\/v2\/product_tag?post=1500"}],"curies":[{"name":"wp","href":"https:\/\/api.w.org\/{rel}","templated":true}]}}