{"id":1525,"date":"2020-09-06T22:51:05","date_gmt":"2020-09-06T20:51:05","guid":{"rendered":"https:\/\/yvisdesign.com\/?post_type=product&#038;p=1525"},"modified":"2022-05-26T14:33:25","modified_gmt":"2022-05-26T12:33:25","slug":"rainbow-angel-whisper","status":"publish","type":"product","link":"https:\/\/yvisdesign.com\/es\/producto\/rainbow-angel-whisper\/","title":{"rendered":"Rainbow Angel Whisper"},"content":{"rendered":"","protected":false},"excerpt":{"rendered":"<p>La cadena mide aproximadamente 42 cm de largo y consta de piedras de cristal de roca facetadas de 6 mm. En medio de la cadena hay un ala de \u00e1ngel de plata 925. Tiene un tama\u00f1o aproximado de 32 x 16 mm. Los elementos est\u00e1n enhebrados en una cinta, que consta de 49 hilos de acero m\u00e1s finos cubiertos con nailon. Esto asegura un nivel muy alto de durabilidad y, por lo tanto, resistencia al desgarro. La conclusi\u00f3n es un mosquet\u00f3n de plata 925. Cada pieza de joyer\u00eda est\u00e1 dise\u00f1ada con el coraz\u00f3n en mente y hecha a mano con amor.<\/p>","protected":false},"featured_media":1518,"template":"","meta":{"_themeisle_gutenberg_block_has_review":false},"product_cat":[22,142,26],"product_tag":[58,41,44,35],"jetpack_sharing_enabled":true,"_links":{"self":[{"href":"https:\/\/yvisdesign.com\/es\/wp-json\/wp\/v2\/product\/1525"}],"collection":[{"href":"https:\/\/yvisdesign.com\/es\/wp-json\/wp\/v2\/product"}],"about":[{"href":"https:\/\/yvisdesign.com\/es\/wp-json\/wp\/v2\/types\/product"}],"wp:featuredmedia":[{"embeddable":true,"href":"https:\/\/yvisdesign.com\/es\/wp-json\/wp\/v2\/media\/1518"}],"wp:attachment":[{"href":"https:\/\/yvisdesign.com\/es\/wp-json\/wp\/v2\/media?parent=1525"}],"wp:term":[{"taxonomy":"product_cat","embeddable":true,"href":"https:\/\/yvisdesign.com\/es\/wp-json\/wp\/v2\/product_cat?post=1525"},{"taxonomy":"product_tag","embeddable":true,"href":"https:\/\/yvisdesign.com\/es\/wp-json\/wp\/v2\/product_tag?post=1525"}],"curies":[{"name":"wp","href":"https:\/\/api.w.org\/{rel}","templated":true}]}}