{"id":1526,"date":"2020-09-06T22:52:41","date_gmt":"2020-09-06T20:52:41","guid":{"rendered":"https:\/\/yvisdesign.com\/?post_type=product&#038;p=1526"},"modified":"2022-05-26T14:33:12","modified_gmt":"2022-05-26T12:33:12","slug":"aquapower","status":"publish","type":"product","link":"https:\/\/yvisdesign.com\/es\/producto\/aquapower\/","title":{"rendered":"Aquapower"},"content":{"rendered":"","protected":false},"excerpt":{"rendered":"<p>Este collar mide aproximadamente 42 cm de largo y consta de piedras de aguamarina facetadas de 4 mm de tama\u00f1o. En el centro de la cadena hay una bola de plata 925 recubierta de diamantes de 3 mm, que est\u00e1 conectada a un \u00e1rbol de la vida hecho de plata 925. Este tiene un di\u00e1metro de 15 mm. Los elementos est\u00e1n enhebrados en una cinta, que consta de 49 hilos de acero m\u00e1s finos cubiertos con nailon. Esto asegura un nivel muy alto de durabilidad y, por lo tanto, resistencia al desgarro. Un broche de langosta de plata forma el final. Cada pieza de joyer\u00eda est\u00e1 dise\u00f1ada con el coraz\u00f3n en mente y hecha a mano con amor.<\/p>","protected":false},"featured_media":1519,"template":"","meta":{"_themeisle_gutenberg_block_has_review":false},"product_cat":[22,142,26],"product_tag":[58,41,44,35],"jetpack_sharing_enabled":true,"_links":{"self":[{"href":"https:\/\/yvisdesign.com\/es\/wp-json\/wp\/v2\/product\/1526"}],"collection":[{"href":"https:\/\/yvisdesign.com\/es\/wp-json\/wp\/v2\/product"}],"about":[{"href":"https:\/\/yvisdesign.com\/es\/wp-json\/wp\/v2\/types\/product"}],"wp:featuredmedia":[{"embeddable":true,"href":"https:\/\/yvisdesign.com\/es\/wp-json\/wp\/v2\/media\/1519"}],"wp:attachment":[{"href":"https:\/\/yvisdesign.com\/es\/wp-json\/wp\/v2\/media?parent=1526"}],"wp:term":[{"taxonomy":"product_cat","embeddable":true,"href":"https:\/\/yvisdesign.com\/es\/wp-json\/wp\/v2\/product_cat?post=1526"},{"taxonomy":"product_tag","embeddable":true,"href":"https:\/\/yvisdesign.com\/es\/wp-json\/wp\/v2\/product_tag?post=1526"}],"curies":[{"name":"wp","href":"https:\/\/api.w.org\/{rel}","templated":true}]}}