{"id":1546,"date":"2020-09-07T21:38:49","date_gmt":"2020-09-07T19:38:49","guid":{"rendered":"https:\/\/yvisdesign.com\/?post_type=product&#038;p=1546"},"modified":"2021-09-08T14:15:24","modified_gmt":"2021-09-08T12:15:24","slug":"golden-heart","status":"publish","type":"product","link":"https:\/\/yvisdesign.com\/es\/producto\/golden-heart\/","title":{"rendered":"Golden Heart"},"content":{"rendered":"","protected":false},"excerpt":{"rendered":"<p>Este collar mide aproximadamente 42 cm de largo y tiene incorporado un coraz\u00f3n de oro en el medio. El coraz\u00f3n tiene un tama\u00f1o aproximado de 14 mm y est\u00e1 hecho de plata 925 chapada en oro. El elemento est\u00e1 enhebrado en una cinta de 0,45 mm, que consta de 19 hilos de acero m\u00e1s finos que est\u00e1n recubiertos con oro de 24 quilates y tienen un recubrimiento de nailon. Esto asegura un nivel muy alto de durabilidad y, por lo tanto, resistencia al desgarro. La conclusi\u00f3n es un mosquet\u00f3n plateado. Cada pieza de joyer\u00eda est\u00e1 dise\u00f1ada con el coraz\u00f3n en mente y hecha a mano con amor.<\/p>","protected":false},"featured_media":1614,"template":"","meta":{"_themeisle_gutenberg_block_has_review":false},"product_cat":[22,142,26],"product_tag":[58,41,44,134],"jetpack_sharing_enabled":true,"_links":{"self":[{"href":"https:\/\/yvisdesign.com\/es\/wp-json\/wp\/v2\/product\/1546"}],"collection":[{"href":"https:\/\/yvisdesign.com\/es\/wp-json\/wp\/v2\/product"}],"about":[{"href":"https:\/\/yvisdesign.com\/es\/wp-json\/wp\/v2\/types\/product"}],"wp:featuredmedia":[{"embeddable":true,"href":"https:\/\/yvisdesign.com\/es\/wp-json\/wp\/v2\/media\/1614"}],"wp:attachment":[{"href":"https:\/\/yvisdesign.com\/es\/wp-json\/wp\/v2\/media?parent=1546"}],"wp:term":[{"taxonomy":"product_cat","embeddable":true,"href":"https:\/\/yvisdesign.com\/es\/wp-json\/wp\/v2\/product_cat?post=1546"},{"taxonomy":"product_tag","embeddable":true,"href":"https:\/\/yvisdesign.com\/es\/wp-json\/wp\/v2\/product_tag?post=1546"}],"curies":[{"name":"wp","href":"https:\/\/api.w.org\/{rel}","templated":true}]}}