{"id":1575,"date":"2020-09-08T08:29:11","date_gmt":"2020-09-08T06:29:11","guid":{"rendered":"https:\/\/yvisdesign.com\/?post_type=product&#038;p=1575"},"modified":"2022-08-15T10:08:09","modified_gmt":"2022-08-15T08:08:09","slug":"amethyst-mit-herz-2","status":"publish","type":"product","link":"https:\/\/yvisdesign.com\/es\/producto\/amethyst-mit-herz-2\/","title":{"rendered":"Amethyst mit Herz"},"content":{"rendered":"","protected":false},"excerpt":{"rendered":"<p>Estos aretes consisten en una piedra de amatista facetada de 6 mm de tama\u00f1o, que est\u00e1 unida a un arete con un coraz\u00f3n. El bot\u00f3n de coraz\u00f3n est\u00e1 hecho de plata 925 y el coraz\u00f3n tiene un tama\u00f1o de 6 mm. Cada pieza de joyer\u00eda est\u00e1 dise\u00f1ada con el coraz\u00f3n en mente y hecha a mano con amor.<\/p>","protected":false},"featured_media":1195,"template":"","meta":{"_themeisle_gutenberg_block_has_review":false},"product_cat":[22,28],"product_tag":[58,41,38,35],"jetpack_sharing_enabled":true,"_links":{"self":[{"href":"https:\/\/yvisdesign.com\/es\/wp-json\/wp\/v2\/product\/1575"}],"collection":[{"href":"https:\/\/yvisdesign.com\/es\/wp-json\/wp\/v2\/product"}],"about":[{"href":"https:\/\/yvisdesign.com\/es\/wp-json\/wp\/v2\/types\/product"}],"wp:featuredmedia":[{"embeddable":true,"href":"https:\/\/yvisdesign.com\/es\/wp-json\/wp\/v2\/media\/1195"}],"wp:attachment":[{"href":"https:\/\/yvisdesign.com\/es\/wp-json\/wp\/v2\/media?parent=1575"}],"wp:term":[{"taxonomy":"product_cat","embeddable":true,"href":"https:\/\/yvisdesign.com\/es\/wp-json\/wp\/v2\/product_cat?post=1575"},{"taxonomy":"product_tag","embeddable":true,"href":"https:\/\/yvisdesign.com\/es\/wp-json\/wp\/v2\/product_tag?post=1575"}],"curies":[{"name":"wp","href":"https:\/\/api.w.org\/{rel}","templated":true}]}}