{"id":1577,"date":"2020-09-08T08:31:37","date_gmt":"2020-09-08T06:31:37","guid":{"rendered":"https:\/\/yvisdesign.com\/?post_type=product&#038;p=1577"},"modified":"2021-09-10T14:27:40","modified_gmt":"2021-09-10T12:27:40","slug":"rainbow-silver-wings","status":"publish","type":"product","link":"https:\/\/yvisdesign.com\/es\/producto\/rainbow-silver-wings\/","title":{"rendered":"Rainbow Silver Wings"},"content":{"rendered":"","protected":false},"excerpt":{"rendered":"<p>Estos hermosos pendientes constan de dos piedras de cristal de roca facetadas de 6 mm de tama\u00f1o y un ala de \u00e1ngel cada una. Este es de 20 x 7 mm y est\u00e1 hecho de plata 925. El acabado es el broche de plata. Cada pieza de joyer\u00eda est\u00e1 dise\u00f1ada con el coraz\u00f3n en mente y hecha a mano con amor.<\/p>","protected":false},"featured_media":1205,"template":"","meta":{"_themeisle_gutenberg_block_has_review":false},"product_cat":[22,28],"product_tag":[58,41,38,35],"jetpack_sharing_enabled":true,"_links":{"self":[{"href":"https:\/\/yvisdesign.com\/es\/wp-json\/wp\/v2\/product\/1577"}],"collection":[{"href":"https:\/\/yvisdesign.com\/es\/wp-json\/wp\/v2\/product"}],"about":[{"href":"https:\/\/yvisdesign.com\/es\/wp-json\/wp\/v2\/types\/product"}],"wp:featuredmedia":[{"embeddable":true,"href":"https:\/\/yvisdesign.com\/es\/wp-json\/wp\/v2\/media\/1205"}],"wp:attachment":[{"href":"https:\/\/yvisdesign.com\/es\/wp-json\/wp\/v2\/media?parent=1577"}],"wp:term":[{"taxonomy":"product_cat","embeddable":true,"href":"https:\/\/yvisdesign.com\/es\/wp-json\/wp\/v2\/product_cat?post=1577"},{"taxonomy":"product_tag","embeddable":true,"href":"https:\/\/yvisdesign.com\/es\/wp-json\/wp\/v2\/product_tag?post=1577"}],"curies":[{"name":"wp","href":"https:\/\/api.w.org\/{rel}","templated":true}]}}