{"id":1579,"date":"2020-09-08T08:33:33","date_gmt":"2020-09-08T06:33:33","guid":{"rendered":"https:\/\/yvisdesign.com\/?post_type=product&#038;p=1579"},"modified":"2022-08-15T10:07:42","modified_gmt":"2022-08-15T08:07:42","slug":"turmalin-schoenheit","status":"publish","type":"product","link":"https:\/\/yvisdesign.com\/es\/producto\/turmalin-schoenheit\/","title":{"rendered":"Turmalin Sch\u00f6nheit"},"content":{"rendered":"","protected":false},"excerpt":{"rendered":"<p>Estos hermosos aretes constan de tres piedras de turmalina facetadas de 4 mm de largo y una perla blanca de aproximadamente 5-6 mm de tama\u00f1o cada una. El acabado es el broche de plata. Cada pieza de joyer\u00eda est\u00e1 dise\u00f1ada con el coraz\u00f3n en mente y hecha a mano con amor.<\/p>","protected":false},"featured_media":1206,"template":"","meta":{"_themeisle_gutenberg_block_has_review":false},"product_cat":[22,28],"product_tag":[58,41,38,209,35],"jetpack_sharing_enabled":true,"_links":{"self":[{"href":"https:\/\/yvisdesign.com\/es\/wp-json\/wp\/v2\/product\/1579"}],"collection":[{"href":"https:\/\/yvisdesign.com\/es\/wp-json\/wp\/v2\/product"}],"about":[{"href":"https:\/\/yvisdesign.com\/es\/wp-json\/wp\/v2\/types\/product"}],"wp:featuredmedia":[{"embeddable":true,"href":"https:\/\/yvisdesign.com\/es\/wp-json\/wp\/v2\/media\/1206"}],"wp:attachment":[{"href":"https:\/\/yvisdesign.com\/es\/wp-json\/wp\/v2\/media?parent=1579"}],"wp:term":[{"taxonomy":"product_cat","embeddable":true,"href":"https:\/\/yvisdesign.com\/es\/wp-json\/wp\/v2\/product_cat?post=1579"},{"taxonomy":"product_tag","embeddable":true,"href":"https:\/\/yvisdesign.com\/es\/wp-json\/wp\/v2\/product_tag?post=1579"}],"curies":[{"name":"wp","href":"https:\/\/api.w.org\/{rel}","templated":true}]}}