{"id":1588,"date":"2020-09-08T08:52:16","date_gmt":"2020-09-08T06:52:16","guid":{"rendered":"https:\/\/yvisdesign.com\/?post_type=product&#038;p=1588"},"modified":"2022-08-15T10:10:44","modified_gmt":"2022-08-15T08:10:44","slug":"petrol-meets-rose","status":"publish","type":"product","link":"https:\/\/yvisdesign.com\/es\/producto\/petrol-meets-rose\/","title":{"rendered":"Petrol meets ros\u00e9"},"content":{"rendered":"","protected":false},"excerpt":{"rendered":"<p>Estos pendientes consistentes en una perla cultivada de agua dulce de color petr\u00f3leo de 11-13 mm de tama\u00f1o. Cada perla ha crecido de forma natural y, por tanto, es \u00fanica. El broche de plata se cierra. Cada pieza de joyer\u00eda est\u00e1 dise\u00f1ada con el coraz\u00f3n en mente y hecha a mano con amor.<\/p>","protected":false},"featured_media":1204,"template":"","meta":{"_themeisle_gutenberg_block_has_review":false},"product_cat":[22,28,30],"product_tag":[58,41,38,209,35],"jetpack_sharing_enabled":true,"_links":{"self":[{"href":"https:\/\/yvisdesign.com\/es\/wp-json\/wp\/v2\/product\/1588"}],"collection":[{"href":"https:\/\/yvisdesign.com\/es\/wp-json\/wp\/v2\/product"}],"about":[{"href":"https:\/\/yvisdesign.com\/es\/wp-json\/wp\/v2\/types\/product"}],"wp:featuredmedia":[{"embeddable":true,"href":"https:\/\/yvisdesign.com\/es\/wp-json\/wp\/v2\/media\/1204"}],"wp:attachment":[{"href":"https:\/\/yvisdesign.com\/es\/wp-json\/wp\/v2\/media?parent=1588"}],"wp:term":[{"taxonomy":"product_cat","embeddable":true,"href":"https:\/\/yvisdesign.com\/es\/wp-json\/wp\/v2\/product_cat?post=1588"},{"taxonomy":"product_tag","embeddable":true,"href":"https:\/\/yvisdesign.com\/es\/wp-json\/wp\/v2\/product_tag?post=1588"}],"curies":[{"name":"wp","href":"https:\/\/api.w.org\/{rel}","templated":true}]}}