{"id":1611,"date":"2020-09-08T11:01:24","date_gmt":"2020-09-08T09:01:24","guid":{"rendered":"https:\/\/yvisdesign.com\/?post_type=product&#038;p=1611"},"modified":"2022-08-15T10:06:21","modified_gmt":"2022-08-15T08:06:21","slug":"classic-angel","status":"publish","type":"product","link":"https:\/\/yvisdesign.com\/es\/producto\/classic-angel\/","title":{"rendered":"Classic Angel"},"content":{"rendered":"","protected":false},"excerpt":{"rendered":"<p>Estos hermosos aretes constan de dos perlas cultivadas de agua dulce de color rosa de aproximadamente 7 mm de tama\u00f1o y un ala de \u00e1ngel cada una. Este es de 20 x 7 mm y est\u00e1 hecho de plata 925. El broche de plata se cierra. Cada pieza de joyer\u00eda est\u00e1 dise\u00f1ada con el coraz\u00f3n en mente y hecha a mano con amor.<\/p>","protected":false},"featured_media":1200,"template":"","meta":{"_themeisle_gutenberg_block_has_review":false},"product_cat":[22,28,30],"product_tag":[58,41,57,209,35],"jetpack_sharing_enabled":true,"_links":{"self":[{"href":"https:\/\/yvisdesign.com\/es\/wp-json\/wp\/v2\/product\/1611"}],"collection":[{"href":"https:\/\/yvisdesign.com\/es\/wp-json\/wp\/v2\/product"}],"about":[{"href":"https:\/\/yvisdesign.com\/es\/wp-json\/wp\/v2\/types\/product"}],"wp:featuredmedia":[{"embeddable":true,"href":"https:\/\/yvisdesign.com\/es\/wp-json\/wp\/v2\/media\/1200"}],"wp:attachment":[{"href":"https:\/\/yvisdesign.com\/es\/wp-json\/wp\/v2\/media?parent=1611"}],"wp:term":[{"taxonomy":"product_cat","embeddable":true,"href":"https:\/\/yvisdesign.com\/es\/wp-json\/wp\/v2\/product_cat?post=1611"},{"taxonomy":"product_tag","embeddable":true,"href":"https:\/\/yvisdesign.com\/es\/wp-json\/wp\/v2\/product_tag?post=1611"}],"curies":[{"name":"wp","href":"https:\/\/api.w.org\/{rel}","templated":true}]}}