{"id":1923,"date":"2020-11-22T19:54:05","date_gmt":"2020-11-22T18:54:05","guid":{"rendered":"https:\/\/yvisdesign.com\/?post_type=product&#038;p=1923"},"modified":"2025-11-09T23:47:12","modified_gmt":"2025-11-09T22:47:12","slug":"balance","status":"publish","type":"product","link":"https:\/\/yvisdesign.com\/es\/producto\/balance\/","title":{"rendered":"Balance"},"content":{"rendered":"","protected":false},"excerpt":{"rendered":"<p class=\"p1 translation-block\">La pulsera consta de malaquita grande de 8 mm y bolas de lava grandes de 6 mm, que se enroscan alternativamente en una banda el\u00e1stica de 0,7 mm de grosor. El signo Yin &amp; Yang realizado en plata 925, con un tama\u00f1o de aproximadamente 10 mm, est\u00e1 incorporado en la pulsera. Cada pieza de joyer\u00eda est\u00e1 dise\u00f1ada con el coraz\u00f3n en mente y hecha a mano con amor.<\/p>","protected":false},"featured_media":4615,"template":"","meta":{"_themeisle_gutenberg_block_has_review":false},"product_cat":[21,32],"product_tag":[33,37,56,35],"jetpack_sharing_enabled":true,"_links":{"self":[{"href":"https:\/\/yvisdesign.com\/es\/wp-json\/wp\/v2\/product\/1923"}],"collection":[{"href":"https:\/\/yvisdesign.com\/es\/wp-json\/wp\/v2\/product"}],"about":[{"href":"https:\/\/yvisdesign.com\/es\/wp-json\/wp\/v2\/types\/product"}],"wp:featuredmedia":[{"embeddable":true,"href":"https:\/\/yvisdesign.com\/es\/wp-json\/wp\/v2\/media\/4615"}],"wp:attachment":[{"href":"https:\/\/yvisdesign.com\/es\/wp-json\/wp\/v2\/media?parent=1923"}],"wp:term":[{"taxonomy":"product_cat","embeddable":true,"href":"https:\/\/yvisdesign.com\/es\/wp-json\/wp\/v2\/product_cat?post=1923"},{"taxonomy":"product_tag","embeddable":true,"href":"https:\/\/yvisdesign.com\/es\/wp-json\/wp\/v2\/product_tag?post=1923"}],"curies":[{"name":"wp","href":"https:\/\/api.w.org\/{rel}","templated":true}]}}