{"id":2152,"date":"2020-12-30T13:47:27","date_gmt":"2020-12-30T12:47:27","guid":{"rendered":"https:\/\/yvisdesign.com\/?post_type=product&#038;p=2152"},"modified":"2025-11-08T17:33:55","modified_gmt":"2025-11-08T16:33:55","slug":"ring-silber","status":"publish","type":"product","link":"https:\/\/yvisdesign.com\/es\/producto\/ring-silber\/","title":{"rendered":"Grace"},"content":{"rendered":"","protected":false},"excerpt":{"rendered":"<p>Este anillo con sus hermosos adornos est\u00e1 hecho de plata 925. El anillo es una creaci\u00f3n propia. Cada pieza de joyer\u00eda est\u00e1 dise\u00f1ada con el coraz\u00f3n en mente y hecha a mano con amor.<\/p>\n<p>&nbsp;<\/p>\n<p>&nbsp;<\/p>","protected":false},"featured_media":2211,"template":"","meta":{"_themeisle_gutenberg_block_has_review":false},"product_cat":[22,62],"product_tag":[58,64,35],"jetpack_sharing_enabled":true,"_links":{"self":[{"href":"https:\/\/yvisdesign.com\/es\/wp-json\/wp\/v2\/product\/2152"}],"collection":[{"href":"https:\/\/yvisdesign.com\/es\/wp-json\/wp\/v2\/product"}],"about":[{"href":"https:\/\/yvisdesign.com\/es\/wp-json\/wp\/v2\/types\/product"}],"wp:featuredmedia":[{"embeddable":true,"href":"https:\/\/yvisdesign.com\/es\/wp-json\/wp\/v2\/media\/2211"}],"wp:attachment":[{"href":"https:\/\/yvisdesign.com\/es\/wp-json\/wp\/v2\/media?parent=2152"}],"wp:term":[{"taxonomy":"product_cat","embeddable":true,"href":"https:\/\/yvisdesign.com\/es\/wp-json\/wp\/v2\/product_cat?post=2152"},{"taxonomy":"product_tag","embeddable":true,"href":"https:\/\/yvisdesign.com\/es\/wp-json\/wp\/v2\/product_tag?post=2152"}],"curies":[{"name":"wp","href":"https:\/\/api.w.org\/{rel}","templated":true}]}}