{"id":2212,"date":"2021-01-06T21:46:23","date_gmt":"2021-01-06T20:46:23","guid":{"rendered":"https:\/\/yvisdesign.com\/?post_type=product&#038;p=2212"},"modified":"2025-11-08T17:34:56","modified_gmt":"2025-11-08T16:34:56","slug":"dolphin","status":"publish","type":"product","link":"https:\/\/yvisdesign.com\/es\/producto\/dolphin\/","title":{"rendered":"Dolphin"},"content":{"rendered":"<p>Este anillo est\u00e1 hecho de plata 925. Tiene forma de delf\u00edn, la aleta caudal est\u00e1 al lado del cuerpo del delf\u00edn.<\/p>\n<p>&nbsp;<\/p>","protected":false},"excerpt":{"rendered":"<p>Este anillo est\u00e1 hecho de plata 925. Tiene forma de delf\u00edn, la aleta caudal est\u00e1 al lado del cuerpo del delf\u00edn.<\/p>","protected":false},"featured_media":3925,"template":"","meta":{"_themeisle_gutenberg_block_has_review":false},"product_cat":[22,62],"product_tag":[58,64,35],"jetpack_sharing_enabled":true,"_links":{"self":[{"href":"https:\/\/yvisdesign.com\/es\/wp-json\/wp\/v2\/product\/2212"}],"collection":[{"href":"https:\/\/yvisdesign.com\/es\/wp-json\/wp\/v2\/product"}],"about":[{"href":"https:\/\/yvisdesign.com\/es\/wp-json\/wp\/v2\/types\/product"}],"wp:featuredmedia":[{"embeddable":true,"href":"https:\/\/yvisdesign.com\/es\/wp-json\/wp\/v2\/media\/3925"}],"wp:attachment":[{"href":"https:\/\/yvisdesign.com\/es\/wp-json\/wp\/v2\/media?parent=2212"}],"wp:term":[{"taxonomy":"product_cat","embeddable":true,"href":"https:\/\/yvisdesign.com\/es\/wp-json\/wp\/v2\/product_cat?post=2212"},{"taxonomy":"product_tag","embeddable":true,"href":"https:\/\/yvisdesign.com\/es\/wp-json\/wp\/v2\/product_tag?post=2212"}],"curies":[{"name":"wp","href":"https:\/\/api.w.org\/{rel}","templated":true}]}}