{"id":2943,"date":"2021-01-31T15:10:37","date_gmt":"2021-01-31T14:10:37","guid":{"rendered":"https:\/\/yvisdesign.com\/?post_type=product&#038;p=2943"},"modified":"2022-05-26T14:30:37","modified_gmt":"2022-05-26T12:30:37","slug":"loving","status":"publish","type":"product","link":"https:\/\/yvisdesign.com\/es\/producto\/loving\/","title":{"rendered":"Loving"},"content":{"rendered":"","protected":false},"excerpt":{"rendered":"<p>Este hermoso collar consta de piedras de cuarzo rosa facetadas de 6 mm de tama\u00f1o. En el centro de la cadena se han incorporado 3 corazones ba\u00f1ados en oro. Estos tienen una dimensi\u00f3n de 8 mm y est\u00e1n hechos de plata 925 ba\u00f1ada en oro. Los elementos est\u00e1n enhebrados en una cinta, que consta de 49 hilos de acero m\u00e1s finos cubiertos con nailon. Esto asegura un nivel muy alto de durabilidad y, por lo tanto, resistencia al desgarro. El collar mide aproximadamente 42 cm de largo. La conclusi\u00f3n es un mosquet\u00f3n plateado con ba\u00f1o de oro. Cada pieza de joyer\u00eda est\u00e1 dise\u00f1ada con el coraz\u00f3n en mente y hecha a mano con amor.<\/p>","protected":false},"featured_media":4684,"template":"","meta":{"_themeisle_gutenberg_block_has_review":false},"product_cat":[22,142,26],"product_tag":[58,41,44,134],"jetpack_sharing_enabled":true,"_links":{"self":[{"href":"https:\/\/yvisdesign.com\/es\/wp-json\/wp\/v2\/product\/2943"}],"collection":[{"href":"https:\/\/yvisdesign.com\/es\/wp-json\/wp\/v2\/product"}],"about":[{"href":"https:\/\/yvisdesign.com\/es\/wp-json\/wp\/v2\/types\/product"}],"wp:featuredmedia":[{"embeddable":true,"href":"https:\/\/yvisdesign.com\/es\/wp-json\/wp\/v2\/media\/4684"}],"wp:attachment":[{"href":"https:\/\/yvisdesign.com\/es\/wp-json\/wp\/v2\/media?parent=2943"}],"wp:term":[{"taxonomy":"product_cat","embeddable":true,"href":"https:\/\/yvisdesign.com\/es\/wp-json\/wp\/v2\/product_cat?post=2943"},{"taxonomy":"product_tag","embeddable":true,"href":"https:\/\/yvisdesign.com\/es\/wp-json\/wp\/v2\/product_tag?post=2943"}],"curies":[{"name":"wp","href":"https:\/\/api.w.org\/{rel}","templated":true}]}}