{"id":2951,"date":"2021-01-31T15:13:10","date_gmt":"2021-01-31T14:13:10","guid":{"rendered":"https:\/\/yvisdesign.com\/?post_type=product&#038;p=2951"},"modified":"2025-03-08T13:01:53","modified_gmt":"2025-03-08T12:01:53","slug":"loving-heart","status":"publish","type":"product","link":"https:\/\/yvisdesign.com\/es\/producto\/loving-heart\/","title":{"rendered":"Loving Heart"},"content":{"rendered":"","protected":false},"excerpt":{"rendered":"<p>La pulsera consta de piedras de cuarzo rosa facetadas de 6 mm de tama\u00f1o, que se enroscan en una banda el\u00e1stica de 0,7 mm de grosor. Hay un coraz\u00f3n ba\u00f1ado en oro de plata 925. Este tiene un tama\u00f1o de 8 mm. Cada pieza de joyer\u00eda est\u00e1 dise\u00f1ada con el coraz\u00f3n en mente y hecha a mano con amor.<\/p>","protected":false},"featured_media":2948,"template":"","meta":{"_themeisle_gutenberg_block_has_review":false},"product_cat":[22,205,206],"product_tag":[33,34,58,134],"jetpack_sharing_enabled":true,"_links":{"self":[{"href":"https:\/\/yvisdesign.com\/es\/wp-json\/wp\/v2\/product\/2951"}],"collection":[{"href":"https:\/\/yvisdesign.com\/es\/wp-json\/wp\/v2\/product"}],"about":[{"href":"https:\/\/yvisdesign.com\/es\/wp-json\/wp\/v2\/types\/product"}],"wp:featuredmedia":[{"embeddable":true,"href":"https:\/\/yvisdesign.com\/es\/wp-json\/wp\/v2\/media\/2948"}],"wp:attachment":[{"href":"https:\/\/yvisdesign.com\/es\/wp-json\/wp\/v2\/media?parent=2951"}],"wp:term":[{"taxonomy":"product_cat","embeddable":true,"href":"https:\/\/yvisdesign.com\/es\/wp-json\/wp\/v2\/product_cat?post=2951"},{"taxonomy":"product_tag","embeddable":true,"href":"https:\/\/yvisdesign.com\/es\/wp-json\/wp\/v2\/product_tag?post=2951"}],"curies":[{"name":"wp","href":"https:\/\/api.w.org\/{rel}","templated":true}]}}