{"id":3628,"date":"2021-02-25T13:26:22","date_gmt":"2021-02-25T12:26:22","guid":{"rendered":"https:\/\/yvisdesign.com\/?post_type=product&#038;p=3628"},"modified":"2021-09-05T16:53:06","modified_gmt":"2021-09-05T14:53:06","slug":"beach-feeling","status":"publish","type":"product","link":"https:\/\/yvisdesign.com\/es\/producto\/beach-feeling\/","title":{"rendered":"Beach Feeling"},"content":{"rendered":"","protected":false},"excerpt":{"rendered":"<p>La cadena mide aproximadamente 48 cm de largo y consta de bolas de apatita grandes de 6 mm. Se incorporan bolas de lava grandes de 6 mm a intervalos regulares. Los elementos est\u00e1n enhebrados en una cinta, que consta de 49 hilos de acero m\u00e1s finos cubiertos con nailon. Esto asegura un nivel muy alto de durabilidad y, por lo tanto, resistencia al desgarro. La conclusi\u00f3n es un mosquet\u00f3n de plata 925. Cada pieza de joyer\u00eda est\u00e1 dise\u00f1ada con el coraz\u00f3n en mente y hecha a mano con amor.<\/p>","protected":false},"featured_media":4624,"template":"","meta":{"_themeisle_gutenberg_block_has_review":false},"product_cat":[21,31],"product_tag":[44,56,55],"jetpack_sharing_enabled":true,"_links":{"self":[{"href":"https:\/\/yvisdesign.com\/es\/wp-json\/wp\/v2\/product\/3628"}],"collection":[{"href":"https:\/\/yvisdesign.com\/es\/wp-json\/wp\/v2\/product"}],"about":[{"href":"https:\/\/yvisdesign.com\/es\/wp-json\/wp\/v2\/types\/product"}],"wp:featuredmedia":[{"embeddable":true,"href":"https:\/\/yvisdesign.com\/es\/wp-json\/wp\/v2\/media\/4624"}],"wp:attachment":[{"href":"https:\/\/yvisdesign.com\/es\/wp-json\/wp\/v2\/media?parent=3628"}],"wp:term":[{"taxonomy":"product_cat","embeddable":true,"href":"https:\/\/yvisdesign.com\/es\/wp-json\/wp\/v2\/product_cat?post=3628"},{"taxonomy":"product_tag","embeddable":true,"href":"https:\/\/yvisdesign.com\/es\/wp-json\/wp\/v2\/product_tag?post=3628"}],"curies":[{"name":"wp","href":"https:\/\/api.w.org\/{rel}","templated":true}]}}