{"id":3700,"date":"2021-02-25T21:20:06","date_gmt":"2021-02-25T20:20:06","guid":{"rendered":"https:\/\/yvisdesign.com\/?post_type=product&#038;p=3700"},"modified":"2021-09-16T18:08:46","modified_gmt":"2021-09-16T16:08:46","slug":"hawaii-couple","status":"publish","type":"product","link":"https:\/\/yvisdesign.com\/es\/producto\/hawaii-couple\/","title":{"rendered":"Hawaii Couple"},"content":{"rendered":"","protected":false},"excerpt":{"rendered":"<p>Estos tres colgantes individuales para aros constan de un colgante con tres piedras lapisl\u00e1zuli facetadas grandes de 4 mm y dos colgantes con dos piedras lapisl\u00e1zuli facetadas grandes de 4 mm que se combinan con una peque\u00f1a bola de plata 925 ba\u00f1ada en oro. Los colgantes se pueden quitar f\u00e1cilmente y unir a otros pendientes de aro. Cada pieza de joyer\u00eda est\u00e1 dise\u00f1ada con el coraz\u00f3n en mente y hecha a mano con amor.<\/p>","protected":false},"featured_media":4666,"template":"","meta":{"_themeisle_gutenberg_block_has_review":false},"product_cat":[22,126],"product_tag":[127,58,134],"jetpack_sharing_enabled":true,"_links":{"self":[{"href":"https:\/\/yvisdesign.com\/es\/wp-json\/wp\/v2\/product\/3700"}],"collection":[{"href":"https:\/\/yvisdesign.com\/es\/wp-json\/wp\/v2\/product"}],"about":[{"href":"https:\/\/yvisdesign.com\/es\/wp-json\/wp\/v2\/types\/product"}],"wp:featuredmedia":[{"embeddable":true,"href":"https:\/\/yvisdesign.com\/es\/wp-json\/wp\/v2\/media\/4666"}],"wp:attachment":[{"href":"https:\/\/yvisdesign.com\/es\/wp-json\/wp\/v2\/media?parent=3700"}],"wp:term":[{"taxonomy":"product_cat","embeddable":true,"href":"https:\/\/yvisdesign.com\/es\/wp-json\/wp\/v2\/product_cat?post=3700"},{"taxonomy":"product_tag","embeddable":true,"href":"https:\/\/yvisdesign.com\/es\/wp-json\/wp\/v2\/product_tag?post=3700"}],"curies":[{"name":"wp","href":"https:\/\/api.w.org\/{rel}","templated":true}]}}