{"id":3710,"date":"2021-02-25T21:35:07","date_gmt":"2021-02-25T20:35:07","guid":{"rendered":"https:\/\/yvisdesign.com\/?post_type=product&#038;p=3710"},"modified":"2021-09-16T17:49:45","modified_gmt":"2021-09-16T15:49:45","slug":"ayers-rock-couple","status":"publish","type":"product","link":"https:\/\/yvisdesign.com\/es\/producto\/ayers-rock-couple\/","title":{"rendered":"Ayers Rock Couple"},"content":{"rendered":"","protected":false},"excerpt":{"rendered":"<p>Estos tres colgantes individuales para pendientes de aro constan de un colgante con tres piedras de turmalina facetadas grandes de 4 mm y dos colgantes cada uno con dos piedras de turmalina facetadas grandes de 4 mm. Los colgantes se pueden quitar f\u00e1cilmente y unir a otros pendientes de aro. Cada pieza de joyer\u00eda est\u00e1 dise\u00f1ada con el coraz\u00f3n en mente y hecha a mano con amor.<\/p>","protected":false},"featured_media":4678,"template":"","meta":{"_themeisle_gutenberg_block_has_review":false},"product_cat":[22,126],"product_tag":[127,58,35],"jetpack_sharing_enabled":true,"_links":{"self":[{"href":"https:\/\/yvisdesign.com\/es\/wp-json\/wp\/v2\/product\/3710"}],"collection":[{"href":"https:\/\/yvisdesign.com\/es\/wp-json\/wp\/v2\/product"}],"about":[{"href":"https:\/\/yvisdesign.com\/es\/wp-json\/wp\/v2\/types\/product"}],"wp:featuredmedia":[{"embeddable":true,"href":"https:\/\/yvisdesign.com\/es\/wp-json\/wp\/v2\/media\/4678"}],"wp:attachment":[{"href":"https:\/\/yvisdesign.com\/es\/wp-json\/wp\/v2\/media?parent=3710"}],"wp:term":[{"taxonomy":"product_cat","embeddable":true,"href":"https:\/\/yvisdesign.com\/es\/wp-json\/wp\/v2\/product_cat?post=3710"},{"taxonomy":"product_tag","embeddable":true,"href":"https:\/\/yvisdesign.com\/es\/wp-json\/wp\/v2\/product_tag?post=3710"}],"curies":[{"name":"wp","href":"https:\/\/api.w.org\/{rel}","templated":true}]}}