{"id":3711,"date":"2021-02-25T21:36:13","date_gmt":"2021-02-25T20:36:13","guid":{"rendered":"https:\/\/yvisdesign.com\/?post_type=product&#038;p=3711"},"modified":"2021-09-16T17:47:11","modified_gmt":"2021-09-16T15:47:11","slug":"aquapower-couple","status":"publish","type":"product","link":"https:\/\/yvisdesign.com\/es\/producto\/aquapower-couple\/","title":{"rendered":"Aquapower Couple"},"content":{"rendered":"","protected":false},"excerpt":{"rendered":"<p>Estos tres colgantes individuales para pendientes de aro constan de un colgante con tres piedras de aguamarina facetadas de 4 mm y dos colgantes con dos piedras de aguamarina facetadas de 4 mm cada uno. Los colgantes se pueden quitar f\u00e1cilmente y unir a otros pendientes de aro. Cada pieza de joyer\u00eda est\u00e1 dise\u00f1ada con el coraz\u00f3n en mente y hecha a mano con amor.<\/p>","protected":false},"featured_media":4661,"template":"","meta":{"_themeisle_gutenberg_block_has_review":false},"product_cat":[22,126],"product_tag":[127,58,35],"jetpack_sharing_enabled":true,"_links":{"self":[{"href":"https:\/\/yvisdesign.com\/es\/wp-json\/wp\/v2\/product\/3711"}],"collection":[{"href":"https:\/\/yvisdesign.com\/es\/wp-json\/wp\/v2\/product"}],"about":[{"href":"https:\/\/yvisdesign.com\/es\/wp-json\/wp\/v2\/types\/product"}],"wp:featuredmedia":[{"embeddable":true,"href":"https:\/\/yvisdesign.com\/es\/wp-json\/wp\/v2\/media\/4661"}],"wp:attachment":[{"href":"https:\/\/yvisdesign.com\/es\/wp-json\/wp\/v2\/media?parent=3711"}],"wp:term":[{"taxonomy":"product_cat","embeddable":true,"href":"https:\/\/yvisdesign.com\/es\/wp-json\/wp\/v2\/product_cat?post=3711"},{"taxonomy":"product_tag","embeddable":true,"href":"https:\/\/yvisdesign.com\/es\/wp-json\/wp\/v2\/product_tag?post=3711"}],"curies":[{"name":"wp","href":"https:\/\/api.w.org\/{rel}","templated":true}]}}