{"id":3712,"date":"2021-02-25T21:37:27","date_gmt":"2021-02-25T20:37:27","guid":{"rendered":"https:\/\/yvisdesign.com\/?post_type=product&#038;p=3712"},"modified":"2021-09-16T19:03:37","modified_gmt":"2021-09-16T17:03:37","slug":"ocean-beauty-couple","status":"publish","type":"product","link":"https:\/\/yvisdesign.com\/es\/producto\/ocean-beauty-couple\/","title":{"rendered":"Ocean Beauty Couple"},"content":{"rendered":"","protected":false},"excerpt":{"rendered":"<p>Estos colgantes para pendientes de aro constan cada uno de una piedra de lapisl\u00e1zuli redonda de 6 mm con una bola de plata chapada en oro 925 recubierta de diamantes. Los colgantes se pueden quitar f\u00e1cilmente y unir a otros pendientes de aro. Cada pieza de joyer\u00eda est\u00e1 dise\u00f1ada con el coraz\u00f3n en mente y hecha a mano con amor.<\/p>","protected":false},"featured_media":4671,"template":"","meta":{"_themeisle_gutenberg_block_has_review":false},"product_cat":[22,126],"product_tag":[127,58,134],"jetpack_sharing_enabled":true,"_links":{"self":[{"href":"https:\/\/yvisdesign.com\/es\/wp-json\/wp\/v2\/product\/3712"}],"collection":[{"href":"https:\/\/yvisdesign.com\/es\/wp-json\/wp\/v2\/product"}],"about":[{"href":"https:\/\/yvisdesign.com\/es\/wp-json\/wp\/v2\/types\/product"}],"wp:featuredmedia":[{"embeddable":true,"href":"https:\/\/yvisdesign.com\/es\/wp-json\/wp\/v2\/media\/4671"}],"wp:attachment":[{"href":"https:\/\/yvisdesign.com\/es\/wp-json\/wp\/v2\/media?parent=3712"}],"wp:term":[{"taxonomy":"product_cat","embeddable":true,"href":"https:\/\/yvisdesign.com\/es\/wp-json\/wp\/v2\/product_cat?post=3712"},{"taxonomy":"product_tag","embeddable":true,"href":"https:\/\/yvisdesign.com\/es\/wp-json\/wp\/v2\/product_tag?post=3712"}],"curies":[{"name":"wp","href":"https:\/\/api.w.org\/{rel}","templated":true}]}}