{"id":3775,"date":"2021-02-27T10:25:51","date_gmt":"2021-02-27T09:25:51","guid":{"rendered":"https:\/\/yvisdesign.com\/?post_type=product&#038;p=3775"},"modified":"2021-09-10T08:20:16","modified_gmt":"2021-09-10T06:20:16","slug":"true-dolphin-love","status":"publish","type":"product","link":"https:\/\/yvisdesign.com\/es\/producto\/true-dolphin-love\/","title":{"rendered":"True Dolphin Love"},"content":{"rendered":"","protected":false},"excerpt":{"rendered":"<p>Se trabajaron 2 delfines en esta cadena de plata de filigrana. La cadena est\u00e1 hecha de plata 925 y los delfines tienen un tama\u00f1o de aproximadamente 16 x 8 mm. Los delfines se hicieron seg\u00fan mi dise\u00f1o. Cada pieza de joyer\u00eda est\u00e1 dise\u00f1ada con el coraz\u00f3n en mente y hecha a mano con amor.<\/p>","protected":false},"featured_media":4048,"template":"","meta":{"_themeisle_gutenberg_block_has_review":false},"product_cat":[22,142,136],"product_tag":[58,138,210,35],"jetpack_sharing_enabled":true,"_links":{"self":[{"href":"https:\/\/yvisdesign.com\/es\/wp-json\/wp\/v2\/product\/3775"}],"collection":[{"href":"https:\/\/yvisdesign.com\/es\/wp-json\/wp\/v2\/product"}],"about":[{"href":"https:\/\/yvisdesign.com\/es\/wp-json\/wp\/v2\/types\/product"}],"wp:featuredmedia":[{"embeddable":true,"href":"https:\/\/yvisdesign.com\/es\/wp-json\/wp\/v2\/media\/4048"}],"wp:attachment":[{"href":"https:\/\/yvisdesign.com\/es\/wp-json\/wp\/v2\/media?parent=3775"}],"wp:term":[{"taxonomy":"product_cat","embeddable":true,"href":"https:\/\/yvisdesign.com\/es\/wp-json\/wp\/v2\/product_cat?post=3775"},{"taxonomy":"product_tag","embeddable":true,"href":"https:\/\/yvisdesign.com\/es\/wp-json\/wp\/v2\/product_tag?post=3775"}],"curies":[{"name":"wp","href":"https:\/\/api.w.org\/{rel}","templated":true}]}}