{"id":3901,"date":"2021-09-10T11:04:27","date_gmt":"2021-09-10T09:04:27","guid":{"rendered":"https:\/\/yvisdesign.com\/?post_type=product&#038;p=3901"},"modified":"2021-10-05T12:23:44","modified_gmt":"2021-10-05T10:23:44","slug":"grace-kelly","status":"publish","type":"product","link":"https:\/\/yvisdesign.com\/es\/producto\/grace-kelly\/","title":{"rendered":"Grace Kelly"},"content":{"rendered":"","protected":false},"excerpt":{"rendered":"<p>La pulsera consta de perlas cultivadas de agua dulce de color rosa de 5-6 mm y bolas de plata 925 chapadas en oro y diamantadas de 3 mm que se incorporan a intervalos regulares. La pulsera est\u00e1 enhebrada en una cinta, que consta de 49 hilos de acero de primera calidad cubiertos con nailon. Esto asegura un nivel muy alto de durabilidad y, por lo tanto, resistencia al desgarro. La conclusi\u00f3n es un mosquet\u00f3n chapado en oro. Cada pieza de joyer\u00eda est\u00e1 dise\u00f1ada con el coraz\u00f3n en mente y hecha a mano con amor.<\/p>","protected":false},"featured_media":4845,"template":"","meta":{"_themeisle_gutenberg_block_has_review":false},"product_cat":[22,30],"product_tag":[33,58,41,209,134],"jetpack_sharing_enabled":true,"_links":{"self":[{"href":"https:\/\/yvisdesign.com\/es\/wp-json\/wp\/v2\/product\/3901"}],"collection":[{"href":"https:\/\/yvisdesign.com\/es\/wp-json\/wp\/v2\/product"}],"about":[{"href":"https:\/\/yvisdesign.com\/es\/wp-json\/wp\/v2\/types\/product"}],"wp:featuredmedia":[{"embeddable":true,"href":"https:\/\/yvisdesign.com\/es\/wp-json\/wp\/v2\/media\/4845"}],"wp:attachment":[{"href":"https:\/\/yvisdesign.com\/es\/wp-json\/wp\/v2\/media?parent=3901"}],"wp:term":[{"taxonomy":"product_cat","embeddable":true,"href":"https:\/\/yvisdesign.com\/es\/wp-json\/wp\/v2\/product_cat?post=3901"},{"taxonomy":"product_tag","embeddable":true,"href":"https:\/\/yvisdesign.com\/es\/wp-json\/wp\/v2\/product_tag?post=3901"}],"curies":[{"name":"wp","href":"https:\/\/api.w.org\/{rel}","templated":true}]}}